{"id":1018,"date":"2020-05-30T11:13:59","date_gmt":"2020-05-30T11:13:59","guid":{"rendered":"http:\/\/divegab.com\/?page_id=1018"},"modified":"2024-04-27T13:02:04","modified_gmt":"2024-04-27T13:02:04","slug":"first-time","status":"publish","type":"page","link":"https:\/\/divegab.com\/sv\/forsta-gangen\/","title":{"rendered":"Nyb\u00f6rjare"},"content":{"rendered":"<div data-elementor-type=\"wp-page\" data-elementor-id=\"1018\" class=\"elementor elementor-1018\" data-elementor-post-type=\"page\">\n\t\t\t\t\t\t<section class=\"elementor-section elementor-top-section elementor-element elementor-element-9b2c036 elementor-section-stretched elementor-section-full_width elementor-section-height-min-height elementor-section-height-default elementor-section-items-middle\" data-id=\"9b2c036\" data-element_type=\"section\" data-e-type=\"section\" data-settings=\"{&quot;stretch_section&quot;:&quot;section-stretched&quot;,&quot;background_background&quot;:&quot;classic&quot;}\">\n\t\t\t\t\t\t<div class=\"elementor-container elementor-column-gap-no\">\n\t\t\t\t\t<div class=\"elementor-column elementor-col-100 elementor-top-column elementor-element elementor-element-2a46178\" data-id=\"2a46178\" data-element_type=\"column\" data-e-type=\"column\">\n\t\t\t<div class=\"elementor-widget-wrap elementor-element-populated\">\n\t\t\t\t\t\t<div class=\"elementor-element elementor-element-4c30d7f elementor-widget elementor-widget-heading\" data-id=\"4c30d7f\" data-element_type=\"widget\" data-e-type=\"widget\" data-widget_type=\"heading.default\">\n\t\t\t\t<div class=\"elementor-widget-container\">\n\t\t\t\t\t<h1 class=\"elementor-heading-title elementor-size-default\">Your Dive Adventure Starts Here!<\/h1>\t\t\t\t<\/div>\n\t\t\t\t<\/div>\n\t\t\t\t\t<\/div>\n\t\t<\/div>\n\t\t\t\t\t<\/div>\n\t\t<\/section>\n\t\t\t\t<section class=\"elementor-section elementor-top-section elementor-element elementor-element-6b6a936 elementor-section-stretched elementor-section-height-min-height elementor-section-boxed elementor-section-height-default elementor-section-items-middle\" data-id=\"6b6a936\" data-element_type=\"section\" data-e-type=\"section\" data-settings=\"{&quot;stretch_section&quot;:&quot;section-stretched&quot;,&quot;background_background&quot;:&quot;classic&quot;}\">\n\t\t\t\t\t\t<div class=\"elementor-container elementor-column-gap-default\">\n\t\t\t\t\t<div class=\"elementor-column elementor-col-33 elementor-top-column elementor-element elementor-element-09df637\" data-id=\"09df637\" data-element_type=\"column\" data-e-type=\"column\">\n\t\t\t<div class=\"elementor-widget-wrap elementor-element-populated\">\n\t\t\t\t\t\t<div class=\"elementor-element elementor-element-afe2eff elementor-cta--layout-image-above elementor-cta--valign-middle elementor-cta--skin-classic elementor-animated-content elementor-bg-transform elementor-bg-transform-zoom-in elementor-widget elementor-widget-call-to-action\" data-id=\"afe2eff\" data-element_type=\"widget\" data-e-type=\"widget\" data-no-translation=\"\" data-widget_type=\"call-to-action.default\">\n\t\t\t\t<div class=\"elementor-widget-container\">\n\t\t\t\t\t<style>.elementor-element-afe2eff{display:none !important}<\/style>\t\t\t\t<\/div>\n\t\t\t\t<\/div>\n\t\t\t\t<div class=\"elementor-element elementor-element-080e4ed elementor-cta--layout-image-above elementor-cta--valign-middle elementor-cta--skin-classic elementor-animated-content elementor-bg-transform elementor-bg-transform-zoom-in elementor-widget elementor-widget-call-to-action\" data-id=\"080e4ed\" data-element_type=\"widget\" data-e-type=\"widget\" data-no-translation=\"\" data-widget_type=\"call-to-action.default\">\n\t\t\t\t<div class=\"elementor-widget-container\">\n\t\t\t\t\t<style>.elementor-element-080e4ed{display:none !important}<\/style>\t\t\t\t<\/div>\n\t\t\t\t<\/div>\n\t\t\t\t<div class=\"elementor-element elementor-element-8881254 elementor-cta--layout-image-above elementor-cta--valign-middle elementor-cta--skin-classic elementor-animated-content elementor-bg-transform elementor-bg-transform-zoom-in elementor-widget elementor-widget-call-to-action\" data-id=\"8881254\" data-element_type=\"widget\" data-e-type=\"widget\" data-no-translation=\"\" data-widget_type=\"call-to-action.default\">\n\t\t\t\t<div class=\"elementor-widget-container\">\n\t\t\t\t\t\t\t<a class=\"elementor-cta\" href=\"https:\/\/divegab.com\/sv\/scuba-diver\/\">\n\t\t\t\t\t<div class=\"elementor-cta__bg-wrapper\">\n\t\t\t\t<div class=\"elementor-cta__bg elementor-bg\" style=\"background-image: url(https:\/\/divegab.com\/wp-content\/uploads\/2023\/04\/PADI-Scuba-Diver-Certification-in-Bali.jpg);\" role=\"img\" aria-label=\"Diver during his PADI Scuba Diver Course in Bali\"><\/div>\n\t\t\t\t<div class=\"elementor-cta__bg-overlay\"><\/div>\n\t\t\t<\/div>\n\t\t\t\t\t\t\t<div class=\"elementor-cta__content\">\n\t\t\t\t\n\t\t\t\t\t\t\t\t\t<h2 class=\"elementor-cta__title elementor-cta__content-item elementor-content-item\">\n\t\t\t\t\t\tScuba Diver\t\t\t\t\t<\/h2>\n\t\t\t\t\n\t\t\t\t\t\t\t\t\t<div class=\"elementor-cta__description elementor-cta__content-item elementor-content-item\">\n\t\t\t\t\t\tBli PADI Scuba-certifierad p\u00e5 bara 2 dagar\t\t\t\t\t<\/div>\n\t\t\t\t\n\t\t\t\t\t\t\t<\/div>\n\t\t\t\t\t\t\t<div class=\"elementor-ribbon elementor-ribbon-right\">\n\t\t\t\t<div class=\"elementor-ribbon-inner\">\n\t\t\t\t\tkurs\t\t\t\t<\/div>\n\t\t\t<\/div>\n\t\t\t\t<\/a>\n\t\t\t\t\t\t<\/div>\n\t\t\t\t<\/div>\n\t\t\t\t\t<\/div>\n\t\t<\/div>\n\t\t\t\t<div class=\"elementor-column elementor-col-33 elementor-top-column elementor-element elementor-element-0644d63\" data-id=\"0644d63\" data-element_type=\"column\" data-e-type=\"column\">\n\t\t\t<div class=\"elementor-widget-wrap\">\n\t\t\t\t\t\t\t<\/div>\n\t\t<\/div>\n\t\t\t\t<div class=\"elementor-column elementor-col-33 elementor-top-column elementor-element elementor-element-2c3eb8a\" data-id=\"2c3eb8a\" data-element_type=\"column\" data-e-type=\"column\">\n\t\t\t<div class=\"elementor-widget-wrap elementor-element-populated\">\n\t\t\t\t\t\t<div class=\"elementor-element elementor-element-903dd98 elementor-cta--layout-image-above elementor-cta--valign-middle elementor-cta--skin-classic elementor-animated-content elementor-bg-transform elementor-bg-transform-zoom-in elementor-widget elementor-widget-call-to-action\" data-id=\"903dd98\" data-element_type=\"widget\" data-e-type=\"widget\" data-no-translation=\"\" data-widget_type=\"call-to-action.default\">\n\t\t\t\t<div class=\"elementor-widget-container\">\n\t\t\t\t\t<style>.elementor-element-903dd98{display:none !important}<\/style>\t\t\t\t<\/div>\n\t\t\t\t<\/div>\n\t\t\t\t<div class=\"elementor-element elementor-element-7e5deb6 elementor-cta--layout-image-above elementor-cta--valign-middle elementor-cta--skin-classic elementor-animated-content elementor-bg-transform elementor-bg-transform-zoom-in elementor-widget elementor-widget-call-to-action\" data-id=\"7e5deb6\" data-element_type=\"widget\" data-e-type=\"widget\" data-no-translation=\"\" data-widget_type=\"call-to-action.default\">\n\t\t\t\t<div class=\"elementor-widget-container\">\n\t\t\t\t\t<style>.elementor-element-7e5deb6{display:none !important}<\/style>\t\t\t\t<\/div>\n\t\t\t\t<\/div>\n\t\t\t\t<div class=\"elementor-element elementor-element-05f7ceb elementor-cta--skin-classic elementor-animated-content elementor-bg-transform elementor-bg-transform-zoom-in elementor-widget elementor-widget-call-to-action\" data-id=\"05f7ceb\" data-element_type=\"widget\" data-e-type=\"widget\" data-no-translation=\"\" data-widget_type=\"call-to-action.default\">\n\t\t\t\t<div class=\"elementor-widget-container\">\n\t\t\t\t\t\t\t<a class=\"elementor-cta\" href=\"https:\/\/divegab.com\/sv\/first-time\/upptack-dykning\/\">\n\t\t\t\t\t<div class=\"elementor-cta__bg-wrapper\">\n\t\t\t\t<div class=\"elementor-cta__bg elementor-bg\" style=\"background-image: url(https:\/\/divegab.com\/wp-content\/uploads\/2023\/04\/PADI-Discover-Scuba-Diving-with-DiveGab.jpg);\" role=\"img\" aria-label=\"Fish during a Discover Scuba Diving in Bali\"><\/div>\n\t\t\t\t<div class=\"elementor-cta__bg-overlay\"><\/div>\n\t\t\t<\/div>\n\t\t\t\t\t\t\t<div class=\"elementor-cta__content\">\n\t\t\t\t\n\t\t\t\t\t\t\t\t\t<h2 class=\"elementor-cta__title elementor-cta__content-item elementor-content-item\">\n\t\t\t\t\t\tDiscover Scuba Diving\t\t\t\t\t<\/h2>\n\t\t\t\t\n\t\t\t\t\t\t\t\t\t<div class=\"elementor-cta__description elementor-cta__content-item elementor-content-item\">\n\t\t\t\t\t\tProva dykning med en professionell guide under vattnet\t\t\t\t\t<\/div>\n\t\t\t\t\n\t\t\t\t\t\t\t<\/div>\n\t\t\t\t\t\t\t<div class=\"elementor-ribbon elementor-ribbon-right\">\n\t\t\t\t<div class=\"elementor-ribbon-inner\">\n\t\t\t\t\tprova dyk\t\t\t\t<\/div>\n\t\t\t<\/div>\n\t\t\t\t<\/a>\n\t\t\t\t\t\t<\/div>\n\t\t\t\t<\/div>\n\t\t\t\t\t<\/div>\n\t\t<\/div>\n\t\t\t\t\t<\/div>\n\t\t<\/section>\n\t\t\t\t<\/div>","protected":false},"excerpt":{"rendered":"<p>Your Dive Adventure Starts Here! Scuba Diver Get PADI Scuba certified in just 2 days course Discover Scuba Diving Try diving with a professional guiding you underwater try dive<\/p>","protected":false},"author":1,"featured_media":5414,"parent":0,"menu_order":0,"comment_status":"closed","ping_status":"closed","template":"","meta":{"footnotes":""},"class_list":["post-1018","page","type-page","status-publish","has-post-thumbnail","hentry"],"yoast_head":"<!-- This site is optimized with the Yoast SEO Premium plugin v26.7 (Yoast SEO v27.2) - https:\/\/yoast.com\/product\/yoast-seo-premium-wordpress\/ -->\n<title>First Time Diving in Bali? Click here to learn more of our dive intros!<\/title>\n<meta name=\"description\" content=\"If you are new to Diving in Bali you can join a dive experience Discover Scuba Diving or our 2 days PADI Scuba Course up to 12 meter deep!\" \/>\n<meta name=\"robots\" content=\"index, follow, max-snippet:-1, max-image-preview:large, max-video-preview:-1\" \/>\n<link rel=\"canonical\" href=\"https:\/\/divegab.com\/sv\/first-time\/\" \/>\n<meta property=\"og:locale\" content=\"sv_SE\" \/>\n<meta property=\"og:type\" content=\"article\" \/>\n<meta property=\"og:title\" content=\"First Time\" \/>\n<meta property=\"og:description\" content=\"If you are new to Diving in Bali you can join a dive experience Discover Scuba Diving or our 2 days PADI Scuba Course up to 12 meter deep!\" \/>\n<meta property=\"og:url\" content=\"https:\/\/divegab.com\/sv\/first-time\/\" \/>\n<meta property=\"og:site_name\" content=\"DiveGab\" \/>\n<meta property=\"article:publisher\" content=\"https:\/\/web.facebook.com\/divegab\" \/>\n<meta property=\"article:modified_time\" content=\"2024-04-27T13:02:04+00:00\" \/>\n<meta property=\"og:image\" content=\"https:\/\/divegab.com\/wp-content\/uploads\/2023\/04\/PADI-Courses-for-Beginners.jpg\" \/>\n\t<meta property=\"og:image:width\" content=\"2784\" \/>\n\t<meta property=\"og:image:height\" content=\"2088\" \/>\n\t<meta property=\"og:image:type\" content=\"image\/jpeg\" \/>\n<meta name=\"twitter:card\" content=\"summary_large_image\" \/>\n<meta name=\"twitter:label1\" content=\"Ber\u00e4knad l\u00e4stid\" \/>\n\t<meta name=\"twitter:data1\" content=\"1 minut\" \/>\n<script type=\"application\/ld+json\" class=\"yoast-schema-graph\">{\"@context\":\"https:\/\/schema.org\",\"@graph\":[{\"@type\":\"WebPage\",\"@id\":\"https:\/\/divegab.com\/first-time\/\",\"url\":\"https:\/\/divegab.com\/first-time\/\",\"name\":\"First Time Diving in Bali? Click here to learn more of our dive intros!\",\"isPartOf\":{\"@id\":\"https:\/\/divegab.com\/it\/#website\"},\"primaryImageOfPage\":{\"@id\":\"https:\/\/divegab.com\/first-time\/#primaryimage\"},\"image\":{\"@id\":\"https:\/\/divegab.com\/first-time\/#primaryimage\"},\"thumbnailUrl\":\"https:\/\/divegab.com\/wp-content\/uploads\/2023\/04\/PADI-Courses-for-Beginners.jpg\",\"datePublished\":\"2020-05-30T11:13:59+00:00\",\"dateModified\":\"2024-04-27T13:02:04+00:00\",\"description\":\"If you are new to Diving in Bali you can join a dive experience Discover Scuba Diving or our 2 days PADI Scuba Course up to 12 meter deep!\",\"breadcrumb\":{\"@id\":\"https:\/\/divegab.com\/first-time\/#breadcrumb\"},\"inLanguage\":\"sv-SE\",\"potentialAction\":[{\"@type\":\"ReadAction\",\"target\":[\"https:\/\/divegab.com\/first-time\/\"]}]},{\"@type\":\"ImageObject\",\"inLanguage\":\"sv-SE\",\"@id\":\"https:\/\/divegab.com\/first-time\/#primaryimage\",\"url\":\"https:\/\/divegab.com\/wp-content\/uploads\/2023\/04\/PADI-Courses-for-Beginners.jpg\",\"contentUrl\":\"https:\/\/divegab.com\/wp-content\/uploads\/2023\/04\/PADI-Courses-for-Beginners.jpg\",\"width\":2784,\"height\":2088,\"caption\":\"DiveGab teaching scuba diving courses\"},{\"@type\":\"BreadcrumbList\",\"@id\":\"https:\/\/divegab.com\/first-time\/#breadcrumb\",\"itemListElement\":[{\"@type\":\"ListItem\",\"position\":1,\"name\":\"Home\",\"item\":\"https:\/\/divegab.com\/\"},{\"@type\":\"ListItem\",\"position\":2,\"name\":\"First Time\"}]},{\"@type\":\"WebSite\",\"@id\":\"https:\/\/divegab.com\/it\/#website\",\"url\":\"https:\/\/divegab.com\/it\/\",\"name\":\"DiveGab\",\"description\":\"Dive in Bali\",\"publisher\":{\"@id\":\"https:\/\/divegab.com\/it\/#organization\"},\"potentialAction\":[{\"@type\":\"SearchAction\",\"target\":{\"@type\":\"EntryPoint\",\"urlTemplate\":\"https:\/\/divegab.com\/it\/?s={search_term_string}\"},\"query-input\":{\"@type\":\"PropertyValueSpecification\",\"valueRequired\":true,\"valueName\":\"search_term_string\"}}],\"inLanguage\":\"sv-SE\"},{\"@type\":\"Organization\",\"@id\":\"https:\/\/divegab.com\/it\/#organization\",\"name\":\"DiveGab\",\"url\":\"https:\/\/divegab.com\/it\/\",\"logo\":{\"@type\":\"ImageObject\",\"inLanguage\":\"sv-SE\",\"@id\":\"https:\/\/divegab.com\/it\/#\/schema\/logo\/image\/\",\"url\":\"https:\/\/divegab.com\/wp-content\/uploads\/2020\/05\/logo-dive-gab-svg.svg\",\"contentUrl\":\"https:\/\/divegab.com\/wp-content\/uploads\/2020\/05\/logo-dive-gab-svg.svg\",\"width\":1,\"height\":1,\"caption\":\"DiveGab\"},\"image\":{\"@id\":\"https:\/\/divegab.com\/it\/#\/schema\/logo\/image\/\"},\"sameAs\":[\"https:\/\/web.facebook.com\/divegab\",\"https:\/\/www.instagram.com\/divegab\/?hl=en\",\"https:\/\/www.youtube.com\/channel\/UCq9HvXUSWFaplU3PGEWdyCA?view_as=subscriber\"]}]}<\/script>\n<!-- \/ Yoast SEO Premium plugin. -->","yoast_head_json":{"title":"Dyka f\u00f6r f\u00f6rsta g\u00e5ngen p\u00e5 Bali? Klicka f\u00f6r att l\u00e4ra dig om v\u00e5ra dykintron!","description":"Om du \u00e4r ny p\u00e5 dykning i Bali kan du prova en dykupplevelse Discover Scuba Diving eller v\u00e5ran 2 dagars PADI Scuba-kurs upp till 12 meters djup!","robots":{"index":"index","follow":"follow","max-snippet":"max-snippet:-1","max-image-preview":"max-image-preview:large","max-video-preview":"max-video-preview:-1"},"canonical":"https:\/\/divegab.com\/sv\/first-time\/","og_locale":"sv_SE","og_type":"article","og_title":"First Time","og_description":"If you are new to Diving in Bali you can join a dive experience Discover Scuba Diving or our 2 days PADI Scuba Course up to 12 meter deep!","og_url":"https:\/\/divegab.com\/sv\/first-time\/","og_site_name":"DiveGab","article_publisher":"https:\/\/web.facebook.com\/divegab","article_modified_time":"2024-04-27T13:02:04+00:00","og_image":[{"width":2784,"height":2088,"url":"https:\/\/divegab.com\/wp-content\/uploads\/2023\/04\/PADI-Courses-for-Beginners.jpg","type":"image\/jpeg"}],"twitter_card":"summary_large_image","twitter_misc":{"Ber\u00e4knad l\u00e4stid":"1 minut"},"schema":{"@context":"https:\/\/schema.org","@graph":[{"@type":"WebPage","@id":"https:\/\/divegab.com\/first-time\/","url":"https:\/\/divegab.com\/first-time\/","name":"Dyka f\u00f6r f\u00f6rsta g\u00e5ngen p\u00e5 Bali? Klicka f\u00f6r att l\u00e4ra dig om v\u00e5ra dykintron!","isPartOf":{"@id":"https:\/\/divegab.com\/it\/#website"},"primaryImageOfPage":{"@id":"https:\/\/divegab.com\/first-time\/#primaryimage"},"image":{"@id":"https:\/\/divegab.com\/first-time\/#primaryimage"},"thumbnailUrl":"https:\/\/divegab.com\/wp-content\/uploads\/2023\/04\/PADI-Courses-for-Beginners.jpg","datePublished":"2020-05-30T11:13:59+00:00","dateModified":"2024-04-27T13:02:04+00:00","description":"Om du \u00e4r ny p\u00e5 dykning i Bali kan du prova en dykupplevelse Discover Scuba Diving eller v\u00e5ran 2 dagars PADI Scuba-kurs upp till 12 meters djup!","breadcrumb":{"@id":"https:\/\/divegab.com\/first-time\/#breadcrumb"},"inLanguage":"sv-SE","potentialAction":[{"@type":"ReadAction","target":["https:\/\/divegab.com\/first-time\/"]}]},{"@type":"ImageObject","inLanguage":"sv-SE","@id":"https:\/\/divegab.com\/first-time\/#primaryimage","url":"https:\/\/divegab.com\/wp-content\/uploads\/2023\/04\/PADI-Courses-for-Beginners.jpg","contentUrl":"https:\/\/divegab.com\/wp-content\/uploads\/2023\/04\/PADI-Courses-for-Beginners.jpg","width":2784,"height":2088,"caption":"DiveGab teaching scuba diving courses"},{"@type":"BreadcrumbList","@id":"https:\/\/divegab.com\/first-time\/#breadcrumb","itemListElement":[{"@type":"ListItem","position":1,"name":"Home","item":"https:\/\/divegab.com\/"},{"@type":"ListItem","position":2,"name":"First Time"}]},{"@type":"WebSite","@id":"https:\/\/divegab.com\/it\/#website","url":"https:\/\/divegab.com\/it\/","name":"DiveGab","description":"Dyka p\u00e5 Bali","publisher":{"@id":"https:\/\/divegab.com\/it\/#organization"},"potentialAction":[{"@type":"SearchAction","target":{"@type":"EntryPoint","urlTemplate":"https:\/\/divegab.com\/it\/?s={search_term_string}"},"query-input":{"@type":"PropertyValueSpecification","valueRequired":true,"valueName":"search_term_string"}}],"inLanguage":"sv-SE"},{"@type":"Organization","@id":"https:\/\/divegab.com\/it\/#organization","name":"DiveGab","url":"https:\/\/divegab.com\/it\/","logo":{"@type":"ImageObject","inLanguage":"sv-SE","@id":"https:\/\/divegab.com\/it\/#\/schema\/logo\/image\/","url":"https:\/\/divegab.com\/wp-content\/uploads\/2020\/05\/logo-dive-gab-svg.svg","contentUrl":"https:\/\/divegab.com\/wp-content\/uploads\/2020\/05\/logo-dive-gab-svg.svg","width":1,"height":1,"caption":"DiveGab"},"image":{"@id":"https:\/\/divegab.com\/it\/#\/schema\/logo\/image\/"},"sameAs":["https:\/\/web.facebook.com\/divegab","https:\/\/www.instagram.com\/divegab\/?hl=en","https:\/\/www.youtube.com\/channel\/UCq9HvXUSWFaplU3PGEWdyCA?view_as=subscriber"]}]}},"_links":{"self":[{"href":"https:\/\/divegab.com\/sv\/wp-json\/wp\/v2\/pages\/1018","targetHints":{"allow":["GET"]}}],"collection":[{"href":"https:\/\/divegab.com\/sv\/wp-json\/wp\/v2\/pages"}],"about":[{"href":"https:\/\/divegab.com\/sv\/wp-json\/wp\/v2\/types\/page"}],"author":[{"embeddable":true,"href":"https:\/\/divegab.com\/sv\/wp-json\/wp\/v2\/users\/1"}],"replies":[{"embeddable":true,"href":"https:\/\/divegab.com\/sv\/wp-json\/wp\/v2\/comments?post=1018"}],"version-history":[{"count":116,"href":"https:\/\/divegab.com\/sv\/wp-json\/wp\/v2\/pages\/1018\/revisions"}],"predecessor-version":[{"id":7475,"href":"https:\/\/divegab.com\/sv\/wp-json\/wp\/v2\/pages\/1018\/revisions\/7475"}],"wp:featuredmedia":[{"embeddable":true,"href":"https:\/\/divegab.com\/sv\/wp-json\/wp\/v2\/media\/5414"}],"wp:attachment":[{"href":"https:\/\/divegab.com\/sv\/wp-json\/wp\/v2\/media?parent=1018"}],"curies":[{"name":"wp","href":"https:\/\/api.w.org\/{rel}","templated":true}]}}