{"id":5,"date":"2018-11-27T09:17:08","date_gmt":"2018-11-27T09:17:08","guid":{"rendered":"http:\/\/divegab.com\/about\/"},"modified":"2024-06-27T07:36:38","modified_gmt":"2024-06-27T07:36:38","slug":"about","status":"publish","type":"page","link":"https:\/\/divegab.com\/sv\/om-oss\/","title":{"rendered":"Om"},"content":{"rendered":"<div data-elementor-type=\"wp-post\" data-elementor-id=\"5\" class=\"elementor elementor-5\" data-elementor-post-type=\"page\">\n\t\t\t\t\t\t<section class=\"elementor-section elementor-top-section elementor-element elementor-element-bb5cf37 elementor-section-stretched elementor-section-boxed elementor-section-height-default elementor-section-height-default\" data-id=\"bb5cf37\" data-element_type=\"section\" data-e-type=\"section\" data-settings=\"{&quot;stretch_section&quot;:&quot;section-stretched&quot;,&quot;background_background&quot;:&quot;classic&quot;}\">\n\t\t\t\t\t\t<div class=\"elementor-container elementor-column-gap-no\">\n\t\t\t\t\t<div class=\"elementor-column elementor-col-50 elementor-top-column elementor-element elementor-element-2ebbf9c\" data-id=\"2ebbf9c\" data-element_type=\"column\" data-e-type=\"column\">\n\t\t\t<div class=\"elementor-widget-wrap elementor-element-populated\">\n\t\t\t\t\t\t<div class=\"elementor-element elementor-element-d3eb105 elementor-widget elementor-widget-heading\" data-id=\"d3eb105\" data-element_type=\"widget\" data-e-type=\"widget\" data-widget_type=\"heading.default\">\n\t\t\t\t<div class=\"elementor-widget-container\">\n\t\t\t\t\t<h1 class=\"elementor-heading-title elementor-size-default\">Vem \u00e4r vi?<\/h1>\t\t\t\t<\/div>\n\t\t\t\t<\/div>\n\t\t\t\t<div class=\"elementor-element elementor-element-cbad4e1 elementor-widget-divider--view-line_icon elementor-view-default elementor-widget-divider--element-align-center elementor-widget elementor-widget-divider\" data-id=\"cbad4e1\" data-element_type=\"widget\" data-e-type=\"widget\" data-widget_type=\"divider.default\">\n\t\t\t\t<div class=\"elementor-widget-container\">\n\t\t\t\t\t\t\t<div class=\"elementor-divider\">\n\t\t\t<span class=\"elementor-divider-separator\">\n\t\t\t\t\t\t\t<div class=\"elementor-icon elementor-divider__element\">\n\t\t\t\t\t<i aria-hidden=\"true\" class=\"fas fa-hand-point-down\"><\/i><\/div>\n\t\t\t\t\t\t<\/span>\n\t\t<\/div>\n\t\t\t\t\t\t<\/div>\n\t\t\t\t<\/div>\n\t\t\t\t<div class=\"elementor-element elementor-element-05d3146 elementor-widget__width-initial elementor-widget elementor-widget-text-editor\" data-id=\"05d3146\" data-element_type=\"widget\" data-e-type=\"widget\" data-widget_type=\"text-editor.default\">\n\t\t\t\t<div class=\"elementor-widget-container\">\n\t\t\t\t\t\t\t\t\t<p>DiveGab grundades under COVID-19-pandemin med en tydlig m\u00e5ls\u00e4ttning: att tillhandah\u00e5lla korrekt information om PADI-dykutbildning och dykplatser f\u00f6r b\u00e5de erfarna dykare och nykomlingar.<\/p><p>Gabriele Belmonte, grundaren av DiveGab, kommer fr\u00e5n Italien och har varit involverad i vattensporter sedan barndomen. Han b\u00f6rjade sin karri\u00e4r som kommersiell dykare i Italien \u00e5r 2010 och arbetade senare under fyra \u00e5r i Sverige.<\/p><p>Med m\u00e5let att hitta varmare vatten och fokusera p\u00e5 utbildning inom rekreationdykning, blev Gabriele en PADI-instrukt\u00f6r \u00e5r 2019.<\/p><p>Han har sedan dess samlat p\u00e5 sig omfattande erfarenhet i Indonesien och Maldiverna, och har erh\u00e5llit titeln PADI IDC Staff #429743 med \u00f6ver 500 certifieringar p\u00e5 alla niv\u00e5er.<\/p>\t\t\t\t\t\t\t\t<\/div>\n\t\t\t\t<\/div>\n\t\t\t\t<div class=\"elementor-element elementor-element-0b6677c elementor-widget elementor-widget-heading\" data-id=\"0b6677c\" data-element_type=\"widget\" data-e-type=\"widget\" data-widget_type=\"heading.default\">\n\t\t\t\t<div class=\"elementor-widget-container\">\n\t\t\t\t\t<h1 class=\"elementor-heading-title elementor-size-default\">V\u00e5rt m\u00e5l<\/h1>\t\t\t\t<\/div>\n\t\t\t\t<\/div>\n\t\t\t\t<div class=\"elementor-element elementor-element-262e263 elementor-widget-divider--view-line_icon elementor-view-default elementor-widget-divider--element-align-center elementor-widget elementor-widget-divider\" data-id=\"262e263\" data-element_type=\"widget\" data-e-type=\"widget\" data-widget_type=\"divider.default\">\n\t\t\t\t<div class=\"elementor-widget-container\">\n\t\t\t\t\t\t\t<div class=\"elementor-divider\">\n\t\t\t<span class=\"elementor-divider-separator\">\n\t\t\t\t\t\t\t<div class=\"elementor-icon elementor-divider__element\">\n\t\t\t\t\t<i aria-hidden=\"true\" class=\"fas fa-hand-point-down\"><\/i><\/div>\n\t\t\t\t\t\t<\/span>\n\t\t<\/div>\n\t\t\t\t\t\t<\/div>\n\t\t\t\t<\/div>\n\t\t\t\t<div class=\"elementor-element elementor-element-fc4a4f0 elementor-widget__width-initial elementor-widget elementor-widget-text-editor\" data-id=\"fc4a4f0\" data-element_type=\"widget\" data-e-type=\"widget\" data-widget_type=\"text-editor.default\">\n\t\t\t\t<div class=\"elementor-widget-container\">\n\t\t\t\t\t\t\t\t\t<p>Med m\u00e5nga \u00e5rs erfarenhet bakom oss, str\u00e4var vi p\u00e5 DiveGab efter att erbjuda god service och utm\u00e4rkt PADI-utbildning inom dykindustrin.\u00a0<\/p><p>Vi har dykt sedan 2010 och har genomf\u00f6rt utbildning och dyk i olika milj\u00f6er \u00f6ver hela v\u00e4rlden.<\/p><p>Med erfarenhet fr\u00e5n Maldiverna, Sverige, Indonesien och mer, str\u00e4var vi efter att erbjuda dig den b\u00e4sta dykutbildningen och dykupplevelserna. V\u00e5rt m\u00e5l \u00e4r att g\u00f6ra din dykupplevelse p\u00e5 Bali prisv\u00e4rd, njutbar och minnesv\u00e4rd.<\/p><p>\"Dykning kan vara tillg\u00e4ngligt f\u00f6r alla med personlig service och uppm\u00e4rksamhet.\"<\/p><p>Det \u00e4r d\u00e4rf\u00f6r viktigt f\u00f6r oss p\u00e5 DiveGab att erbjuda korrekt information och personliga tj\u00e4nster.<\/p><p>Vi besvarar personligen era fr\u00e5gor och f\u00f6rfr\u00e5gningar.<\/p>\t\t\t\t\t\t\t\t<\/div>\n\t\t\t\t<\/div>\n\t\t\t\t\t<\/div>\n\t\t<\/div>\n\t\t\t\t<div class=\"elementor-column elementor-col-50 elementor-top-column elementor-element elementor-element-ce8a1a9\" data-id=\"ce8a1a9\" data-element_type=\"column\" data-e-type=\"column\">\n\t\t\t<div class=\"elementor-widget-wrap elementor-element-populated\">\n\t\t\t\t\t\t<div class=\"elementor-element elementor-element-6d76c6d elementor-widget elementor-widget-image\" data-id=\"6d76c6d\" data-element_type=\"widget\" data-e-type=\"widget\" data-widget_type=\"image.default\">\n\t\t\t\t<div class=\"elementor-widget-container\">\n\t\t\t\t\t\t\t\t\t\t\t\t\t\t\t<img fetchpriority=\"high\" decoding=\"async\" width=\"2577\" height=\"4024\" src=\"https:\/\/divegab.com\/wp-content\/uploads\/2024\/06\/Divegab-About-Us-Gabriele-Belmonte.jpg\" class=\"attachment-large size-large wp-image-8299\" alt=\"Divegab\" srcset=\"https:\/\/divegab.com\/wp-content\/uploads\/2024\/06\/Divegab-About-Us-Gabriele-Belmonte.jpg 2577w, https:\/\/divegab.com\/wp-content\/uploads\/2024\/06\/Divegab-About-Us-Gabriele-Belmonte-768x1199.jpg 768w, https:\/\/divegab.com\/wp-content\/uploads\/2024\/06\/Divegab-About-Us-Gabriele-Belmonte-984x1536.jpg 984w, https:\/\/divegab.com\/wp-content\/uploads\/2024\/06\/Divegab-About-Us-Gabriele-Belmonte-1312x2048.jpg 1312w, https:\/\/divegab.com\/wp-content\/uploads\/2024\/06\/Divegab-About-Us-Gabriele-Belmonte-8x12.jpg 8w\" sizes=\"(max-width: 2577px) 100vw, 2577px\" \/>\t\t\t\t\t\t\t\t\t\t\t\t\t\t\t<\/div>\n\t\t\t\t<\/div>\n\t\t\t\t\t<\/div>\n\t\t<\/div>\n\t\t\t\t\t<\/div>\n\t\t<\/section>\n\t\t\t\t<section class=\"elementor-section elementor-top-section elementor-element elementor-element-9e39d00 elementor-section-stretched elementor-section-boxed elementor-section-height-default elementor-section-height-default\" data-id=\"9e39d00\" data-element_type=\"section\" data-e-type=\"section\" data-settings=\"{&quot;stretch_section&quot;:&quot;section-stretched&quot;,&quot;background_background&quot;:&quot;classic&quot;}\">\n\t\t\t\t\t\t<div class=\"elementor-container elementor-column-gap-no\">\n\t\t\t\t\t<div class=\"elementor-column elementor-col-50 elementor-top-column elementor-element elementor-element-187fedb\" data-id=\"187fedb\" data-element_type=\"column\" data-e-type=\"column\">\n\t\t\t<div class=\"elementor-widget-wrap elementor-element-populated\">\n\t\t\t\t\t\t<div class=\"elementor-element elementor-element-9eb2acc elementor-widget elementor-widget-heading\" data-id=\"9eb2acc\" data-element_type=\"widget\" data-e-type=\"widget\" data-widget_type=\"heading.default\">\n\t\t\t\t<div class=\"elementor-widget-container\">\n\t\t\t\t\t<h2 class=\"elementor-heading-title elementor-size-default\">Varf\u00f6r dyka med oss?<\/h2>\t\t\t\t<\/div>\n\t\t\t\t<\/div>\n\t\t\t\t<div class=\"elementor-element elementor-element-c88a6c7 elementor-widget-divider--view-line_icon elementor-view-default elementor-widget-divider--element-align-center elementor-widget elementor-widget-divider\" data-id=\"c88a6c7\" data-element_type=\"widget\" data-e-type=\"widget\" data-widget_type=\"divider.default\">\n\t\t\t\t<div class=\"elementor-widget-container\">\n\t\t\t\t\t\t\t<div class=\"elementor-divider\">\n\t\t\t<span class=\"elementor-divider-separator\">\n\t\t\t\t\t\t\t<div class=\"elementor-icon elementor-divider__element\">\n\t\t\t\t\t<i aria-hidden=\"true\" class=\"fas fa-life-ring\"><\/i><\/div>\n\t\t\t\t\t\t<\/span>\n\t\t<\/div>\n\t\t\t\t\t\t<\/div>\n\t\t\t\t<\/div>\n\t\t\t\t<div class=\"elementor-element elementor-element-ff2d08b elementor-widget__width-initial elementor-widget elementor-widget-text-editor\" data-id=\"ff2d08b\" data-element_type=\"widget\" data-e-type=\"widget\" data-widget_type=\"text-editor.default\">\n\t\t\t\t<div class=\"elementor-widget-container\">\n\t\t\t\t\t\t\t\t\t<ul><li>\u00c5r av erfarenhet och professionalism<\/li><li>Alla g\u00e4ster \u00e4r v\u00e4nner<\/li><li>Individuell uppm\u00e4rksamhet<\/li><li>Sj\u00e4lvklart ska det vara roligt och avslappnande<br \/>b\u00e5de p\u00e5 ytan och under vattnet<\/li><li>PADI-dykinstrukt\u00f6ren kommer personligen att svara p\u00e5 era fr\u00e5gor och f\u00f6rfr\u00e5gningar\u00a0<\/li><\/ul>\t\t\t\t\t\t\t\t<\/div>\n\t\t\t\t<\/div>\n\t\t\t\t\t<\/div>\n\t\t<\/div>\n\t\t\t\t<div class=\"elementor-column elementor-col-50 elementor-top-column elementor-element elementor-element-da6e35a\" data-id=\"da6e35a\" data-element_type=\"column\" data-e-type=\"column\" data-settings=\"{&quot;background_background&quot;:&quot;classic&quot;}\">\n\t\t\t<div class=\"elementor-widget-wrap elementor-element-populated\">\n\t\t\t\t\t\t<div class=\"elementor-element elementor-element-f3b3c1c elementor-widget elementor-widget-image\" data-id=\"f3b3c1c\" data-element_type=\"widget\" data-e-type=\"widget\" data-widget_type=\"image.default\">\n\t\t\t\t<div class=\"elementor-widget-container\">\n\t\t\t\t\t\t\t\t\t\t\t\t\t\t\t<img decoding=\"async\" width=\"1024\" height=\"883\" src=\"https:\/\/divegab.com\/wp-content\/uploads\/2020\/07\/scuba-course-in-bali-1024x883.jpg\" class=\"attachment-large size-large wp-image-2391\" alt=\"DiveGab l\u00e4r ut dykning till studenter p\u00e5 Bali\" srcset=\"https:\/\/divegab.com\/wp-content\/uploads\/2020\/07\/scuba-course-in-bali-1024x883.jpg 1024w, https:\/\/divegab.com\/wp-content\/uploads\/2020\/07\/scuba-course-in-bali-300x259.jpg 300w, https:\/\/divegab.com\/wp-content\/uploads\/2020\/07\/scuba-course-in-bali-768x662.jpg 768w, https:\/\/divegab.com\/wp-content\/uploads\/2020\/07\/scuba-course-in-bali.jpg 1397w\" sizes=\"(max-width: 1024px) 100vw, 1024px\" \/>\t\t\t\t\t\t\t\t\t\t\t\t\t\t\t<\/div>\n\t\t\t\t<\/div>\n\t\t\t\t\t<\/div>\n\t\t<\/div>\n\t\t\t\t\t<\/div>\n\t\t<\/section>\n\t\t\t\t<section class=\"elementor-section elementor-top-section elementor-element elementor-element-8e5f9ec elementor-section-stretched elementor-section-full_width elementor-section-height-default elementor-section-height-default\" data-id=\"8e5f9ec\" data-element_type=\"section\" data-e-type=\"section\" data-settings=\"{&quot;stretch_section&quot;:&quot;section-stretched&quot;,&quot;background_background&quot;:&quot;classic&quot;}\">\n\t\t\t\t\t\t<div class=\"elementor-container elementor-column-gap-default\">\n\t\t\t\t\t<div class=\"elementor-column elementor-col-100 elementor-top-column elementor-element elementor-element-8206c3a\" data-id=\"8206c3a\" data-element_type=\"column\" data-e-type=\"column\">\n\t\t\t<div class=\"elementor-widget-wrap elementor-element-populated\">\n\t\t\t\t\t\t<div class=\"elementor-element elementor-element-f29bebf elementor-widget elementor-widget-heading\" data-id=\"f29bebf\" data-element_type=\"widget\" data-e-type=\"widget\" data-widget_type=\"heading.default\">\n\t\t\t\t<div class=\"elementor-widget-container\">\n\t\t\t\t\t<h2 class=\"elementor-heading-title elementor-size-default\">Utm\u00e4rkelser<\/h2>\t\t\t\t<\/div>\n\t\t\t\t<\/div>\n\t\t\t\t<div class=\"elementor-element elementor-element-a78920c elementor-widget-divider--view-line_icon elementor-view-default elementor-widget-divider--element-align-center elementor-widget elementor-widget-divider\" data-id=\"a78920c\" data-element_type=\"widget\" data-e-type=\"widget\" data-widget_type=\"divider.default\">\n\t\t\t\t<div class=\"elementor-widget-container\">\n\t\t\t\t\t\t\t<div class=\"elementor-divider\">\n\t\t\t<span class=\"elementor-divider-separator\">\n\t\t\t\t\t\t\t<div class=\"elementor-icon elementor-divider__element\">\n\t\t\t\t\t<i aria-hidden=\"true\" class=\"fas fa-star\"><\/i><\/div>\n\t\t\t\t\t\t<\/span>\n\t\t<\/div>\n\t\t\t\t\t\t<\/div>\n\t\t\t\t<\/div>\n\t\t\t\t\t<\/div>\n\t\t<\/div>\n\t\t\t\t\t<\/div>\n\t\t<\/section>\n\t\t\t\t<section class=\"elementor-section elementor-top-section elementor-element elementor-element-931164a elementor-section-stretched elementor-section-boxed elementor-section-height-default elementor-section-height-default\" data-id=\"931164a\" data-element_type=\"section\" data-e-type=\"section\" data-settings=\"{&quot;stretch_section&quot;:&quot;section-stretched&quot;,&quot;animation&quot;:&quot;none&quot;,&quot;background_background&quot;:&quot;classic&quot;}\">\n\t\t\t\t\t\t\t<div class=\"elementor-background-overlay\"><\/div>\n\t\t\t\t\t\t\t<div class=\"elementor-container elementor-column-gap-default\">\n\t\t\t\t\t<div class=\"elementor-column elementor-col-33 elementor-top-column elementor-element elementor-element-31190d5\" data-id=\"31190d5\" data-element_type=\"column\" data-e-type=\"column\">\n\t\t\t<div class=\"elementor-widget-wrap elementor-element-populated\">\n\t\t\t\t\t\t<div class=\"elementor-element elementor-element-9aafe8a elementor-widget elementor-widget-image\" data-id=\"9aafe8a\" data-element_type=\"widget\" data-e-type=\"widget\" data-widget_type=\"image.default\">\n\t\t\t\t<div class=\"elementor-widget-container\">\n\t\t\t\t\t\t\t\t\t\t\t\t\t\t\t<img decoding=\"async\" width=\"3300\" height=\"2550\" src=\"https:\/\/divegab.com\/wp-content\/uploads\/2024\/06\/2023-Elite-Instructor-Award.jpg\" class=\"attachment-large size-large wp-image-8315\" alt=\"\" srcset=\"https:\/\/divegab.com\/wp-content\/uploads\/2024\/06\/2023-Elite-Instructor-Award.jpg 3300w, https:\/\/divegab.com\/wp-content\/uploads\/2024\/06\/2023-Elite-Instructor-Award-768x593.jpg 768w, https:\/\/divegab.com\/wp-content\/uploads\/2024\/06\/2023-Elite-Instructor-Award-1536x1187.jpg 1536w, https:\/\/divegab.com\/wp-content\/uploads\/2024\/06\/2023-Elite-Instructor-Award-2048x1583.jpg 2048w, https:\/\/divegab.com\/wp-content\/uploads\/2024\/06\/2023-Elite-Instructor-Award-16x12.jpg 16w\" sizes=\"(max-width: 3300px) 100vw, 3300px\" \/>\t\t\t\t\t\t\t\t\t\t\t\t\t\t\t<\/div>\n\t\t\t\t<\/div>\n\t\t\t\t\t<\/div>\n\t\t<\/div>\n\t\t\t\t<div class=\"elementor-column elementor-col-33 elementor-top-column elementor-element elementor-element-9af7aa2\" data-id=\"9af7aa2\" data-element_type=\"column\" data-e-type=\"column\">\n\t\t\t<div class=\"elementor-widget-wrap\">\n\t\t\t\t\t\t\t<\/div>\n\t\t<\/div>\n\t\t\t\t<div class=\"elementor-column elementor-col-33 elementor-top-column elementor-element elementor-element-71de6cf\" data-id=\"71de6cf\" data-element_type=\"column\" data-e-type=\"column\">\n\t\t\t<div class=\"elementor-widget-wrap elementor-element-populated\">\n\t\t\t\t\t\t<div class=\"elementor-element elementor-element-6b2b262 elementor-position-top elementor-widget elementor-widget-image-box\" data-id=\"6b2b262\" data-element_type=\"widget\" data-e-type=\"widget\" data-widget_type=\"image-box.default\">\n\t\t\t\t<div class=\"elementor-widget-container\">\n\t\t\t\t\t<div class=\"elementor-image-box-wrapper\"><figure class=\"elementor-image-box-img\"><img loading=\"lazy\" decoding=\"async\" width=\"2000\" height=\"1500\" src=\"https:\/\/divegab.com\/wp-content\/uploads\/2020\/07\/PADI-instructor-bali.jpg\" class=\"attachment-full size-full wp-image-2429\" alt=\"\" srcset=\"https:\/\/divegab.com\/wp-content\/uploads\/2020\/07\/PADI-instructor-bali.jpg 2000w, https:\/\/divegab.com\/wp-content\/uploads\/2020\/07\/PADI-instructor-bali-300x225.jpg 300w, https:\/\/divegab.com\/wp-content\/uploads\/2020\/07\/PADI-instructor-bali-1024x768.jpg 1024w, https:\/\/divegab.com\/wp-content\/uploads\/2020\/07\/PADI-instructor-bali-768x576.jpg 768w, https:\/\/divegab.com\/wp-content\/uploads\/2020\/07\/PADI-instructor-bali-1536x1152.jpg 1536w\" sizes=\"(max-width: 2000px) 100vw, 2000px\" \/><\/figure><div class=\"elementor-image-box-content\"><p class=\"elementor-image-box-description\">Utm\u00e4rkelse fr\u00e5n PADI f\u00f6r enast\u00e5ende professionalism<\/p><\/div><\/div>\t\t\t\t<\/div>\n\t\t\t\t<\/div>\n\t\t\t\t\t<\/div>\n\t\t<\/div>\n\t\t\t\t\t<\/div>\n\t\t<\/section>\n\t\t\t\t<\/div>","protected":false},"excerpt":{"rendered":"<p>who we are? DiveGab was founded during the COVID-19 pandemic with a clear mission: to provide accurate information about PADI dive training and dive sites for both experienced divers and newcomers. Gabriele Belmonte, the founder of DiveGab, is from Italy and has been involved in water sports since childhood. He began his diving career as [&hellip;]<\/p>\n","protected":false},"author":1,"featured_media":8299,"parent":0,"menu_order":0,"comment_status":"closed","ping_status":"closed","template":"","meta":{"footnotes":""},"class_list":["post-5","page","type-page","status-publish","has-post-thumbnail","hentry"],"yoast_head":"<!-- This site is optimized with the Yoast SEO Premium plugin v26.7 (Yoast SEO v27.2) - https:\/\/yoast.com\/product\/yoast-seo-premium-wordpress\/ -->\n<title>About Us: Our Goals and History at DiveGab<\/title>\n<meta name=\"description\" content=\"At Divegab we aim you to provide you with the correct informations regarding PADI training and dive excursions. CONTACT US! FREE CONSULATION!\" \/>\n<meta name=\"robots\" content=\"index, follow, max-snippet:-1, max-image-preview:large, max-video-preview:-1\" \/>\n<link rel=\"canonical\" href=\"https:\/\/divegab.com\/sv\/about\/\" \/>\n<meta property=\"og:locale\" content=\"sv_SE\" \/>\n<meta property=\"og:type\" content=\"article\" \/>\n<meta property=\"og:title\" content=\"About\" \/>\n<meta property=\"og:description\" content=\"At Divegab we aim you to provide you with the correct informations regarding PADI training and dive excursions. CONTACT US! FREE CONSULATION!\" \/>\n<meta property=\"og:url\" content=\"https:\/\/divegab.com\/sv\/about\/\" \/>\n<meta property=\"og:site_name\" content=\"DiveGab\" \/>\n<meta property=\"article:publisher\" content=\"https:\/\/web.facebook.com\/divegab\" \/>\n<meta property=\"article:modified_time\" content=\"2024-06-27T07:36:38+00:00\" \/>\n<meta property=\"og:image\" content=\"https:\/\/divegab.com\/wp-content\/uploads\/2024\/06\/Divegab-About-Us-Gabriele-Belmonte.jpg\" \/>\n\t<meta property=\"og:image:width\" content=\"2577\" \/>\n\t<meta property=\"og:image:height\" content=\"4024\" \/>\n\t<meta property=\"og:image:type\" content=\"image\/jpeg\" \/>\n<meta name=\"twitter:card\" content=\"summary_large_image\" \/>\n<meta name=\"twitter:label1\" content=\"Ber\u00e4knad l\u00e4stid\" \/>\n\t<meta name=\"twitter:data1\" content=\"3 minuter\" \/>\n<script type=\"application\/ld+json\" class=\"yoast-schema-graph\">{\"@context\":\"https:\/\/schema.org\",\"@graph\":[{\"@type\":\"WebPage\",\"@id\":\"https:\/\/divegab.com\/about\/\",\"url\":\"https:\/\/divegab.com\/about\/\",\"name\":\"About Us: Our Goals and History at DiveGab\",\"isPartOf\":{\"@id\":\"https:\/\/divegab.com\/it\/#website\"},\"primaryImageOfPage\":{\"@id\":\"https:\/\/divegab.com\/about\/#primaryimage\"},\"image\":{\"@id\":\"https:\/\/divegab.com\/about\/#primaryimage\"},\"thumbnailUrl\":\"https:\/\/divegab.com\/wp-content\/uploads\/2024\/06\/Divegab-About-Us-Gabriele-Belmonte.jpg\",\"datePublished\":\"2018-11-27T09:17:08+00:00\",\"dateModified\":\"2024-06-27T07:36:38+00:00\",\"description\":\"At Divegab we aim you to provide you with the correct informations regarding PADI training and dive excursions. CONTACT US! FREE CONSULATION!\",\"breadcrumb\":{\"@id\":\"https:\/\/divegab.com\/about\/#breadcrumb\"},\"inLanguage\":\"sv-SE\",\"potentialAction\":[{\"@type\":\"ReadAction\",\"target\":[\"https:\/\/divegab.com\/about\/\"]}]},{\"@type\":\"ImageObject\",\"inLanguage\":\"sv-SE\",\"@id\":\"https:\/\/divegab.com\/about\/#primaryimage\",\"url\":\"https:\/\/divegab.com\/wp-content\/uploads\/2024\/06\/Divegab-About-Us-Gabriele-Belmonte.jpg\",\"contentUrl\":\"https:\/\/divegab.com\/wp-content\/uploads\/2024\/06\/Divegab-About-Us-Gabriele-Belmonte.jpg\",\"width\":2577,\"height\":4024,\"caption\":\"Divegab\"},{\"@type\":\"BreadcrumbList\",\"@id\":\"https:\/\/divegab.com\/about\/#breadcrumb\",\"itemListElement\":[{\"@type\":\"ListItem\",\"position\":1,\"name\":\"Home\",\"item\":\"https:\/\/divegab.com\/\"},{\"@type\":\"ListItem\",\"position\":2,\"name\":\"About\"}]},{\"@type\":\"WebSite\",\"@id\":\"https:\/\/divegab.com\/it\/#website\",\"url\":\"https:\/\/divegab.com\/it\/\",\"name\":\"DiveGab\",\"description\":\"Dive in Bali\",\"publisher\":{\"@id\":\"https:\/\/divegab.com\/it\/#organization\"},\"potentialAction\":[{\"@type\":\"SearchAction\",\"target\":{\"@type\":\"EntryPoint\",\"urlTemplate\":\"https:\/\/divegab.com\/it\/?s={search_term_string}\"},\"query-input\":{\"@type\":\"PropertyValueSpecification\",\"valueRequired\":true,\"valueName\":\"search_term_string\"}}],\"inLanguage\":\"sv-SE\"},{\"@type\":\"Organization\",\"@id\":\"https:\/\/divegab.com\/it\/#organization\",\"name\":\"DiveGab\",\"url\":\"https:\/\/divegab.com\/it\/\",\"logo\":{\"@type\":\"ImageObject\",\"inLanguage\":\"sv-SE\",\"@id\":\"https:\/\/divegab.com\/it\/#\/schema\/logo\/image\/\",\"url\":\"https:\/\/divegab.com\/wp-content\/uploads\/2020\/05\/logo-dive-gab-svg.svg\",\"contentUrl\":\"https:\/\/divegab.com\/wp-content\/uploads\/2020\/05\/logo-dive-gab-svg.svg\",\"width\":1,\"height\":1,\"caption\":\"DiveGab\"},\"image\":{\"@id\":\"https:\/\/divegab.com\/it\/#\/schema\/logo\/image\/\"},\"sameAs\":[\"https:\/\/web.facebook.com\/divegab\",\"https:\/\/www.instagram.com\/divegab\/?hl=en\",\"https:\/\/www.youtube.com\/channel\/UCq9HvXUSWFaplU3PGEWdyCA?view_as=subscriber\"]}]}<\/script>\n<!-- \/ Yoast SEO Premium plugin. -->","yoast_head_json":{"title":"Om oss: V\u00e5ra m\u00e5l och historia p\u00e5 DiveGab","description":"P\u00e5 DiveGab str\u00e4var vi efter att ge dig korrekt information om PADI-utbildning och dykutflykter. KONTAKTA OSS! GRATIS KONSULTATION!","robots":{"index":"index","follow":"follow","max-snippet":"max-snippet:-1","max-image-preview":"max-image-preview:large","max-video-preview":"max-video-preview:-1"},"canonical":"https:\/\/divegab.com\/sv\/about\/","og_locale":"sv_SE","og_type":"article","og_title":"About","og_description":"At Divegab we aim you to provide you with the correct informations regarding PADI training and dive excursions. CONTACT US! FREE CONSULATION!","og_url":"https:\/\/divegab.com\/sv\/about\/","og_site_name":"DiveGab","article_publisher":"https:\/\/web.facebook.com\/divegab","article_modified_time":"2024-06-27T07:36:38+00:00","og_image":[{"width":2577,"height":4024,"url":"https:\/\/divegab.com\/wp-content\/uploads\/2024\/06\/Divegab-About-Us-Gabriele-Belmonte.jpg","type":"image\/jpeg"}],"twitter_card":"summary_large_image","twitter_misc":{"Ber\u00e4knad l\u00e4stid":"3 minuter"},"schema":{"@context":"https:\/\/schema.org","@graph":[{"@type":"WebPage","@id":"https:\/\/divegab.com\/about\/","url":"https:\/\/divegab.com\/about\/","name":"Om oss: V\u00e5ra m\u00e5l och historia p\u00e5 DiveGab","isPartOf":{"@id":"https:\/\/divegab.com\/it\/#website"},"primaryImageOfPage":{"@id":"https:\/\/divegab.com\/about\/#primaryimage"},"image":{"@id":"https:\/\/divegab.com\/about\/#primaryimage"},"thumbnailUrl":"https:\/\/divegab.com\/wp-content\/uploads\/2024\/06\/Divegab-About-Us-Gabriele-Belmonte.jpg","datePublished":"2018-11-27T09:17:08+00:00","dateModified":"2024-06-27T07:36:38+00:00","description":"P\u00e5 DiveGab str\u00e4var vi efter att ge dig korrekt information om PADI-utbildning och dykutflykter. KONTAKTA OSS! GRATIS KONSULTATION!","breadcrumb":{"@id":"https:\/\/divegab.com\/about\/#breadcrumb"},"inLanguage":"sv-SE","potentialAction":[{"@type":"ReadAction","target":["https:\/\/divegab.com\/about\/"]}]},{"@type":"ImageObject","inLanguage":"sv-SE","@id":"https:\/\/divegab.com\/about\/#primaryimage","url":"https:\/\/divegab.com\/wp-content\/uploads\/2024\/06\/Divegab-About-Us-Gabriele-Belmonte.jpg","contentUrl":"https:\/\/divegab.com\/wp-content\/uploads\/2024\/06\/Divegab-About-Us-Gabriele-Belmonte.jpg","width":2577,"height":4024,"caption":"Divegab"},{"@type":"BreadcrumbList","@id":"https:\/\/divegab.com\/about\/#breadcrumb","itemListElement":[{"@type":"ListItem","position":1,"name":"Home","item":"https:\/\/divegab.com\/"},{"@type":"ListItem","position":2,"name":"About"}]},{"@type":"WebSite","@id":"https:\/\/divegab.com\/it\/#website","url":"https:\/\/divegab.com\/it\/","name":"DiveGab","description":"Dyka p\u00e5 Bali","publisher":{"@id":"https:\/\/divegab.com\/it\/#organization"},"potentialAction":[{"@type":"SearchAction","target":{"@type":"EntryPoint","urlTemplate":"https:\/\/divegab.com\/it\/?s={search_term_string}"},"query-input":{"@type":"PropertyValueSpecification","valueRequired":true,"valueName":"search_term_string"}}],"inLanguage":"sv-SE"},{"@type":"Organization","@id":"https:\/\/divegab.com\/it\/#organization","name":"DiveGab","url":"https:\/\/divegab.com\/it\/","logo":{"@type":"ImageObject","inLanguage":"sv-SE","@id":"https:\/\/divegab.com\/it\/#\/schema\/logo\/image\/","url":"https:\/\/divegab.com\/wp-content\/uploads\/2020\/05\/logo-dive-gab-svg.svg","contentUrl":"https:\/\/divegab.com\/wp-content\/uploads\/2020\/05\/logo-dive-gab-svg.svg","width":1,"height":1,"caption":"DiveGab"},"image":{"@id":"https:\/\/divegab.com\/it\/#\/schema\/logo\/image\/"},"sameAs":["https:\/\/web.facebook.com\/divegab","https:\/\/www.instagram.com\/divegab\/?hl=en","https:\/\/www.youtube.com\/channel\/UCq9HvXUSWFaplU3PGEWdyCA?view_as=subscriber"]}]}},"_links":{"self":[{"href":"https:\/\/divegab.com\/sv\/wp-json\/wp\/v2\/pages\/5","targetHints":{"allow":["GET"]}}],"collection":[{"href":"https:\/\/divegab.com\/sv\/wp-json\/wp\/v2\/pages"}],"about":[{"href":"https:\/\/divegab.com\/sv\/wp-json\/wp\/v2\/types\/page"}],"author":[{"embeddable":true,"href":"https:\/\/divegab.com\/sv\/wp-json\/wp\/v2\/users\/1"}],"replies":[{"embeddable":true,"href":"https:\/\/divegab.com\/sv\/wp-json\/wp\/v2\/comments?post=5"}],"version-history":[{"count":69,"href":"https:\/\/divegab.com\/sv\/wp-json\/wp\/v2\/pages\/5\/revisions"}],"predecessor-version":[{"id":8372,"href":"https:\/\/divegab.com\/sv\/wp-json\/wp\/v2\/pages\/5\/revisions\/8372"}],"wp:featuredmedia":[{"embeddable":true,"href":"https:\/\/divegab.com\/sv\/wp-json\/wp\/v2\/media\/8299"}],"wp:attachment":[{"href":"https:\/\/divegab.com\/sv\/wp-json\/wp\/v2\/media?parent=5"}],"curies":[{"name":"wp","href":"https:\/\/api.w.org\/{rel}","templated":true}]}}