{"id":5437,"date":"2023-04-19T02:29:16","date_gmt":"2023-04-19T02:29:16","guid":{"rendered":"https:\/\/divegab.com\/?page_id=5437"},"modified":"2025-01-09T04:46:46","modified_gmt":"2025-01-09T04:46:46","slug":"scuba-diver-in-bali","status":"publish","type":"page","link":"https:\/\/divegab.com\/sv\/scuba-diver-in-bali\/","title":{"rendered":"Scuba Diver"},"content":{"rendered":"\t\t<div data-elementor-type=\"wp-page\" data-elementor-id=\"5437\" class=\"elementor elementor-5437\" data-elementor-post-type=\"page\">\n\t\t\t\t\t\t<section class=\"elementor-section elementor-top-section elementor-element elementor-element-8f21d38 elementor-section-stretched elementor-section-full_width elementor-section-height-min-height elementor-section-height-default elementor-section-items-middle\" data-id=\"8f21d38\" data-element_type=\"section\" data-e-type=\"section\" data-settings=\"{&quot;stretch_section&quot;:&quot;section-stretched&quot;,&quot;background_background&quot;:&quot;classic&quot;}\">\n\t\t\t\t\t\t<div class=\"elementor-container elementor-column-gap-no\">\n\t\t\t\t\t<div class=\"elementor-column elementor-col-100 elementor-top-column elementor-element elementor-element-adeeef9\" data-id=\"adeeef9\" data-element_type=\"column\" data-e-type=\"column\">\n\t\t\t<div class=\"elementor-widget-wrap\">\n\t\t\t\t\t\t\t<\/div>\n\t\t<\/div>\n\t\t\t\t\t<\/div>\n\t\t<\/section>\n\t\t\t\t<section class=\"elementor-section elementor-top-section elementor-element elementor-element-e361bb3 elementor-section-height-min-height elementor-section-stretched elementor-section-boxed elementor-section-height-default elementor-section-items-middle\" data-id=\"e361bb3\" data-element_type=\"section\" data-e-type=\"section\" data-settings=\"{&quot;background_background&quot;:&quot;classic&quot;,&quot;stretch_section&quot;:&quot;section-stretched&quot;}\">\n\t\t\t\t\t\t<div class=\"elementor-container elementor-column-gap-default\">\n\t\t\t\t\t<div class=\"elementor-column elementor-col-100 elementor-top-column elementor-element elementor-element-2713e61\" data-id=\"2713e61\" data-element_type=\"column\" data-e-type=\"column\">\n\t\t\t<div class=\"elementor-widget-wrap elementor-element-populated\">\n\t\t\t\t\t\t<div class=\"elementor-element elementor-element-3a60714 elementor-widget elementor-widget-heading\" data-id=\"3a60714\" data-element_type=\"widget\" data-e-type=\"widget\" data-widget_type=\"heading.default\">\n\t\t\t\t<div class=\"elementor-widget-container\">\n\t\t\t\t\t<h1 class=\"elementor-heading-title elementor-size-default\">PADI Scuba Diver in Bali<\/h1>\t\t\t\t<\/div>\n\t\t\t\t<\/div>\n\t\t\t\t<div class=\"elementor-element elementor-element-303df13 elementor-widget elementor-widget-text-editor\" data-id=\"303df13\" data-element_type=\"widget\" data-e-type=\"widget\" data-widget_type=\"text-editor.default\">\n\t\t\t\t<div class=\"elementor-widget-container\">\n\t\t\t\t\t\t\t\t\tAre you looking to get certified as a diver during your limited time in Bali? If you&#8217;re new to diving, the <a href=\"https:\/\/www.padi.com\/courses\/scuba-diver\" target=\"_blank\" rel=\"noopener\">PADI Scuba Diver<\/a> course is perfect for you &#8211; get certified in just two days!<br><br>\n\nAlternatively, if you&#8217;re interested in just experiencing scuba diving and taking some underwater selfies, you can join the <a href=\"https:\/\/divegab.com\/first-time\/discover-scuba-diving-in-bali\/\">PADI Discover Scuba Diving<\/a> course, which only takes half a day. For a classic, full scuba certification, join the <a href=\"https:\/\/divegab.com\/padi-courses\/open-water\/\">PADI Open Water Diver course<\/a>, which takes up to four days to complete.<br><br>The Scuba Diver course is essentially half of the Open Water course, which you can complete at any time later. Once certified, you can dive with a PADI professional up to 12 meters deep and discover the wonder and beauty of Bali&#8217;s underwater world, from vibrant coral reefs in <a href=\"https:\/\/divegab.com\/dive-trips\/padang-bai\/\">Padang Bai<\/a> to sunken shipwrecks in <a href=\"https:\/\/divegab.com\/dive-trips\/tulamben\/\">Tulamben<\/a>.<br><br>With the PADI Scuba Diver certification, you can start your underwater adventure and uncover the secrets of the ocean. So why wait? Send us a message below and become a PADI Scuba Diver today!\t\t\t\t\t\t\t\t<\/div>\n\t\t\t\t<\/div>\n\t\t\t\t<div class=\"elementor-element elementor-element-d6ccf46 elementor-align-center elementor-widget elementor-widget-button\" data-id=\"d6ccf46\" data-element_type=\"widget\" data-e-type=\"widget\" data-widget_type=\"button.default\">\n\t\t\t\t<div class=\"elementor-widget-container\">\n\t\t\t\t\t\t\t\t\t<div class=\"elementor-button-wrapper\">\n\t\t\t\t\t<a class=\"elementor-button elementor-button-link elementor-size-sm\" href=\"#info\">\n\t\t\t\t\t\t<span class=\"elementor-button-content-wrapper\">\n\t\t\t\t\t\t\t\t\t<span class=\"elementor-button-text\">Book NOW!<\/span>\n\t\t\t\t\t<\/span>\n\t\t\t\t\t<\/a>\n\t\t\t\t<\/div>\n\t\t\t\t\t\t\t\t<\/div>\n\t\t\t\t<\/div>\n\t\t\t\t<div class=\"elementor-element elementor-element-71a9129 elementor-widget elementor-widget-heading\" data-id=\"71a9129\" data-element_type=\"widget\" data-e-type=\"widget\" data-widget_type=\"heading.default\">\n\t\t\t\t<div class=\"elementor-widget-container\">\n\t\t\t\t\t<h2 class=\"elementor-heading-title elementor-size-default\">Programme of PADI Scuba Diver<\/h2>\t\t\t\t<\/div>\n\t\t\t\t<\/div>\n\t\t\t\t<div class=\"elementor-element elementor-element-7ab19a7 elementor-widget elementor-widget-text-editor\" data-id=\"7ab19a7\" data-element_type=\"widget\" data-e-type=\"widget\" data-widget_type=\"text-editor.default\">\n\t\t\t\t<div class=\"elementor-widget-container\">\n\t\t\t\t\t\t\t\t\t<ul>\n \t<li>The duration for the PADI Scuba Diver Course in Bali is total 2 Days or 1\u00bd days if you the elearning before starting the course<\/li><br>\n \t<li>We&#8217;ll come and pick you up on both days from your Bali accommodation at approximately 7am so you can start your diving adventure stress-free.<\/li><br>\n<li><strong>Day 1<\/strong>: At our center you will meet your PADI dive instructor, sign some paperworks and have some coffee. You will start first with the theory if you haven&#8217;t done it online yet. For the Scuba Diver Course you need to complete 3 Chapter with 3 Knowledge Reviews and Quizzes.In the afternoon you will be in the pool or confined open water to practice a few dive skills.<\/li><br>\n<li><strong> Day 2<\/strong>: You will do 2 Open Water dives in the ocean in either <a href=\"https:\/\/divegab.com\/dive-trips\/sanur\/\">Sanur<\/a>, <a href=\"https:\/\/divegab.com\/dive-trips\/tulamben\/\">Tulamben<\/a> or <a href=\"https:\/\/divegab.com\/dive-trips\/padang-bai\/\">Padang Bai<\/a>.<\/li><br>\n<li> After completing all the requirements you will get the online certification of PADI Scuba Diver and you will be able to dive Worldwide with an instructor up to 12 meter.\n<\/ul>\t\t\t\t\t\t\t\t<\/div>\n\t\t\t\t<\/div>\n\t\t\t\t<div class=\"elementor-element elementor-element-486fcc1 elementor-widget elementor-widget-heading\" data-id=\"486fcc1\" data-element_type=\"widget\" data-e-type=\"widget\" data-widget_type=\"heading.default\">\n\t\t\t\t<div class=\"elementor-widget-container\">\n\t\t\t\t\t<h2 class=\"elementor-heading-title elementor-size-default\">Prerequisites for the Course<\/h2>\t\t\t\t<\/div>\n\t\t\t\t<\/div>\n\t\t\t\t<div class=\"elementor-element elementor-element-e4bd2b0 elementor-widget elementor-widget-text-editor\" data-id=\"e4bd2b0\" data-element_type=\"widget\" data-e-type=\"widget\" data-widget_type=\"text-editor.default\">\n\t\t\t\t<div class=\"elementor-widget-container\">\n\t\t\t\t\t\t\t\t\t<ul>\n \t<li>Be at least 10 years old<\/li><br>\n \t<li>Be in a good health for outdoor activities<\/li>\n<\/ul>\t\t\t\t\t\t\t\t<\/div>\n\t\t\t\t<\/div>\n\t\t\t\t\t<\/div>\n\t\t<\/div>\n\t\t\t\t\t<\/div>\n\t\t<\/section>\n\t\t\t\t<section class=\"elementor-section elementor-top-section elementor-element elementor-element-9c80eea elementor-section-height-min-height elementor-section-stretched elementor-section-boxed elementor-section-height-default elementor-section-items-middle\" data-id=\"9c80eea\" data-element_type=\"section\" data-e-type=\"section\" data-settings=\"{&quot;background_background&quot;:&quot;classic&quot;,&quot;stretch_section&quot;:&quot;section-stretched&quot;}\">\n\t\t\t\t\t\t<div class=\"elementor-container elementor-column-gap-default\">\n\t\t\t\t\t<div class=\"elementor-column elementor-col-100 elementor-top-column elementor-element elementor-element-a31f33d\" data-id=\"a31f33d\" data-element_type=\"column\" data-e-type=\"column\">\n\t\t\t<div class=\"elementor-widget-wrap elementor-element-populated\">\n\t\t\t\t\t\t<div class=\"elementor-element elementor-element-485d6ce elementor-widget elementor-widget-heading\" data-id=\"485d6ce\" data-element_type=\"widget\" data-e-type=\"widget\" id=\"info\" data-widget_type=\"heading.default\">\n\t\t\t\t<div class=\"elementor-widget-container\">\n\t\t\t\t\t<h3 class=\"elementor-heading-title elementor-size-default\">Info\/Booking<\/h3>\t\t\t\t<\/div>\n\t\t\t\t<\/div>\n\t\t\t\t\t<\/div>\n\t\t<\/div>\n\t\t\t\t\t<\/div>\n\t\t<\/section>\n\t\t\t\t<section class=\"elementor-section elementor-top-section elementor-element elementor-element-f07f9f3 elementor-section-boxed elementor-section-height-default elementor-section-height-default\" data-id=\"f07f9f3\" data-element_type=\"section\" data-e-type=\"section\" data-settings=\"{&quot;background_background&quot;:&quot;classic&quot;}\">\n\t\t\t\t\t\t<div class=\"elementor-container elementor-column-gap-default\">\n\t\t\t\t\t<div class=\"elementor-column elementor-col-33 elementor-top-column elementor-element elementor-element-9806ac9\" data-id=\"9806ac9\" data-element_type=\"column\" data-e-type=\"column\">\n\t\t\t<div class=\"elementor-widget-wrap\">\n\t\t\t\t\t\t\t<\/div>\n\t\t<\/div>\n\t\t\t\t<div class=\"elementor-column elementor-col-33 elementor-top-column elementor-element elementor-element-1065a0f\" data-id=\"1065a0f\" data-element_type=\"column\" data-e-type=\"column\">\n\t\t\t<div class=\"elementor-widget-wrap elementor-element-populated\">\n\t\t\t\t\t\t<div class=\"elementor-element elementor-element-bce18e6 elementor-button-align-stretch elementor-widget elementor-widget-form\" data-id=\"bce18e6\" data-element_type=\"widget\" data-e-type=\"widget\" data-settings=\"{&quot;step_next_label&quot;:&quot;Next&quot;,&quot;step_previous_label&quot;:&quot;Previous&quot;,&quot;button_width&quot;:&quot;100&quot;,&quot;step_type&quot;:&quot;number_text&quot;,&quot;step_icon_shape&quot;:&quot;circle&quot;}\" data-widget_type=\"form.default\">\n\t\t\t\t<div class=\"elementor-widget-container\">\n\t\t\t\t\t\t\t<form class=\"elementor-form\" method=\"post\" name=\"New Form\" aria-label=\"New Form\">\n\t\t\t<input type=\"hidden\" name=\"post_id\" value=\"5437\"\/>\n\t\t\t<input type=\"hidden\" name=\"form_id\" value=\"bce18e6\"\/>\n\t\t\t<input type=\"hidden\" name=\"referer_title\" value=\"PADI Scuba Diver course in Bali | DiveGab\" \/>\n\n\t\t\t\t\t\t\t<input type=\"hidden\" name=\"queried_id\" value=\"5437\"\/>\n\t\t\t\n\t\t\t<div class=\"elementor-form-fields-wrapper elementor-labels-above\">\n\t\t\t\t\t\t\t\t<div class=\"elementor-field-type-text elementor-field-group elementor-column elementor-field-group-name elementor-col-100\">\n\t\t\t\t\t\t\t\t\t\t\t\t<label for=\"form-field-name\" class=\"elementor-field-label\">\n\t\t\t\t\t\t\t\tName\t\t\t\t\t\t\t<\/label>\n\t\t\t\t\t\t\t\t\t\t\t\t\t\t<input size=\"1\" type=\"text\" name=\"form_fields[name]\" id=\"form-field-name\" class=\"elementor-field elementor-size-sm  elementor-field-textual\" placeholder=\"your name\">\n\t\t\t\t\t\t\t\t\t\t\t<\/div>\n\t\t\t\t\t\t\t\t<div class=\"elementor-field-type-email elementor-field-group elementor-column elementor-field-group-email elementor-col-100 elementor-field-required\">\n\t\t\t\t\t\t\t\t\t\t\t\t<label for=\"form-field-email\" class=\"elementor-field-label\">\n\t\t\t\t\t\t\t\tEmail\t\t\t\t\t\t\t<\/label>\n\t\t\t\t\t\t\t\t\t\t\t\t\t\t<input size=\"1\" type=\"email\" name=\"form_fields[email]\" id=\"form-field-email\" class=\"elementor-field elementor-size-sm  elementor-field-textual\" placeholder=\"your email\" required=\"required\">\n\t\t\t\t\t\t\t\t\t\t\t<\/div>\n\t\t\t\t\t\t\t\t<div class=\"elementor-field-type-textarea elementor-field-group elementor-column elementor-field-group-message elementor-col-100\">\n\t\t\t\t\t\t\t\t\t\t\t\t<label for=\"form-field-message\" class=\"elementor-field-label\">\n\t\t\t\t\t\t\t\tMessage\t\t\t\t\t\t\t<\/label>\n\t\t\t\t\t\t<textarea class=\"elementor-field-textual elementor-field  elementor-size-sm\" name=\"form_fields[message]\" id=\"form-field-message\" rows=\"4\" placeholder=\"Message\"><\/textarea>\t\t\t\t<\/div>\n\t\t\t\t\t\t\t\t<div class=\"elementor-field-type-recaptcha_v3 elementor-field-group elementor-column elementor-field-group-field_1 elementor-col-100 recaptcha_v3-inline\">\n\t\t\t\t\t<div class=\"elementor-field\" id=\"form-field-field_1\"><div class=\"elementor-g-recaptcha\" data-sitekey=\"6LeNTrIqAAAAAIplTogaA_y5OwkIEe7cMbVzyM-z\" data-type=\"v3\" data-action=\"Form\" data-badge=\"inline\" data-size=\"invisible\"><\/div><\/div>\t\t\t\t<\/div>\n\t\t\t\t\t\t\t\t<div class=\"elementor-field-group elementor-column elementor-field-type-submit elementor-col-100 e-form__buttons\">\n\t\t\t\t\t<button class=\"elementor-button elementor-size-sm\" type=\"submit\">\n\t\t\t\t\t\t<span class=\"elementor-button-content-wrapper\">\n\t\t\t\t\t\t\t\t\t\t\t\t\t\t\t\t\t\t\t\t\t\t<span class=\"elementor-button-text\">Send<\/span>\n\t\t\t\t\t\t\t\t\t\t\t\t\t<\/span>\n\t\t\t\t\t<\/button>\n\t\t\t\t<\/div>\n\t\t\t<\/div>\n\t\t<\/form>\n\t\t\t\t\t\t<\/div>\n\t\t\t\t<\/div>\n\t\t\t\t\t<\/div>\n\t\t<\/div>\n\t\t\t\t<div class=\"elementor-column elementor-col-33 elementor-top-column elementor-element elementor-element-0b93954\" data-id=\"0b93954\" data-element_type=\"column\" data-e-type=\"column\">\n\t\t\t<div class=\"elementor-widget-wrap\">\n\t\t\t\t\t\t\t<\/div>\n\t\t<\/div>\n\t\t\t\t\t<\/div>\n\t\t<\/section>\n\t\t\t\t<\/div>\n\t\t","protected":false},"excerpt":{"rendered":"<p>PADI Scuba Diver in Bali Are you looking to get certified as a diver during your limited time in Bali? If you&#8217;re new to diving, the PADI Scuba Diver course is perfect for you &#8211; get certified in just two days! Alternatively, if you&#8217;re interested in just experiencing scuba diving and taking some underwater selfies, [&hellip;]<\/p>\n","protected":false},"author":1,"featured_media":5472,"parent":0,"menu_order":0,"comment_status":"closed","ping_status":"closed","template":"","meta":{"footnotes":""},"class_list":["post-5437","page","type-page","status-publish","has-post-thumbnail","hentry"],"yoast_head":"<!-- This site is optimized with the Yoast SEO Premium plugin v26.7 (Yoast SEO v27.2) - https:\/\/yoast.com\/product\/yoast-seo-premium-wordpress\/ -->\n<title>PADI Scuba Diver course in Bali | DiveGab<\/title>\n<meta name=\"description\" content=\"Get the PADI Scuba Diver course in Bali and dive worldwide. Get certified in 2 days and discover vibrant reefs &amp; sunken shipwreck in Bali\" \/>\n<meta name=\"robots\" content=\"index, follow, max-snippet:-1, max-image-preview:large, max-video-preview:-1\" \/>\n<link rel=\"canonical\" href=\"https:\/\/divegab.com\/sv\/scuba-diver-in-bali\/\" \/>\n<meta property=\"og:locale\" content=\"sv_SE\" \/>\n<meta property=\"og:type\" content=\"article\" \/>\n<meta property=\"og:title\" content=\"Scuba Diver\" \/>\n<meta property=\"og:description\" content=\"Get the PADI Scuba Diver course in Bali and dive worldwide. Get certified in 2 days and discover vibrant reefs &amp; sunken shipwreck in Bali\" \/>\n<meta property=\"og:url\" content=\"https:\/\/divegab.com\/sv\/scuba-diver-in-bali\/\" \/>\n<meta property=\"og:site_name\" content=\"DiveGab\" \/>\n<meta property=\"article:publisher\" content=\"https:\/\/web.facebook.com\/divegab\" \/>\n<meta property=\"article:modified_time\" content=\"2025-01-09T04:46:46+00:00\" \/>\n<meta property=\"og:image\" content=\"https:\/\/divegab.com\/wp-content\/uploads\/2023\/04\/Scuba-Diver-Course-2-Days-in-Bali.jpg\" \/>\n\t<meta property=\"og:image:width\" content=\"2707\" \/>\n\t<meta property=\"og:image:height\" content=\"1581\" \/>\n\t<meta property=\"og:image:type\" content=\"image\/jpeg\" \/>\n<meta name=\"twitter:card\" content=\"summary_large_image\" \/>\n<meta name=\"twitter:label1\" content=\"Ber\u00e4knad l\u00e4stid\" \/>\n\t<meta name=\"twitter:data1\" content=\"2 minuter\" \/>\n<script type=\"application\/ld+json\" class=\"yoast-schema-graph\">{\"@context\":\"https:\/\/schema.org\",\"@graph\":[{\"@type\":\"WebPage\",\"@id\":\"https:\/\/divegab.com\/scuba-diver-in-bali\/\",\"url\":\"https:\/\/divegab.com\/scuba-diver-in-bali\/\",\"name\":\"PADI Scuba Diver course in Bali | DiveGab\",\"isPartOf\":{\"@id\":\"https:\/\/divegab.com\/it\/#website\"},\"primaryImageOfPage\":{\"@id\":\"https:\/\/divegab.com\/scuba-diver-in-bali\/#primaryimage\"},\"image\":{\"@id\":\"https:\/\/divegab.com\/scuba-diver-in-bali\/#primaryimage\"},\"thumbnailUrl\":\"https:\/\/divegab.com\/wp-content\/uploads\/2023\/04\/Scuba-Diver-Course-2-Days-in-Bali.jpg\",\"datePublished\":\"2023-04-19T02:29:16+00:00\",\"dateModified\":\"2025-01-09T04:46:46+00:00\",\"description\":\"Get the PADI Scuba Diver course in Bali and dive worldwide. Get certified in 2 days and discover vibrant reefs & sunken shipwreck in Bali\",\"breadcrumb\":{\"@id\":\"https:\/\/divegab.com\/scuba-diver-in-bali\/#breadcrumb\"},\"inLanguage\":\"sv-SE\",\"potentialAction\":[{\"@type\":\"ReadAction\",\"target\":[\"https:\/\/divegab.com\/scuba-diver-in-bali\/\"]}]},{\"@type\":\"ImageObject\",\"inLanguage\":\"sv-SE\",\"@id\":\"https:\/\/divegab.com\/scuba-diver-in-bali\/#primaryimage\",\"url\":\"https:\/\/divegab.com\/wp-content\/uploads\/2023\/04\/Scuba-Diver-Course-2-Days-in-Bali.jpg\",\"contentUrl\":\"https:\/\/divegab.com\/wp-content\/uploads\/2023\/04\/Scuba-Diver-Course-2-Days-in-Bali.jpg\",\"width\":2707,\"height\":1581,\"caption\":\"DiveGab teachig Scuba Diver Course in Bali Tulamben\"},{\"@type\":\"BreadcrumbList\",\"@id\":\"https:\/\/divegab.com\/scuba-diver-in-bali\/#breadcrumb\",\"itemListElement\":[{\"@type\":\"ListItem\",\"position\":1,\"name\":\"Home\",\"item\":\"https:\/\/divegab.com\/\"},{\"@type\":\"ListItem\",\"position\":2,\"name\":\"Scuba Diver\"}]},{\"@type\":\"WebSite\",\"@id\":\"https:\/\/divegab.com\/it\/#website\",\"url\":\"https:\/\/divegab.com\/it\/\",\"name\":\"DiveGab\",\"description\":\"Dive in Bali\",\"publisher\":{\"@id\":\"https:\/\/divegab.com\/it\/#organization\"},\"potentialAction\":[{\"@type\":\"SearchAction\",\"target\":{\"@type\":\"EntryPoint\",\"urlTemplate\":\"https:\/\/divegab.com\/it\/?s={search_term_string}\"},\"query-input\":{\"@type\":\"PropertyValueSpecification\",\"valueRequired\":true,\"valueName\":\"search_term_string\"}}],\"inLanguage\":\"sv-SE\"},{\"@type\":\"Organization\",\"@id\":\"https:\/\/divegab.com\/it\/#organization\",\"name\":\"DiveGab\",\"url\":\"https:\/\/divegab.com\/it\/\",\"logo\":{\"@type\":\"ImageObject\",\"inLanguage\":\"sv-SE\",\"@id\":\"https:\/\/divegab.com\/it\/#\/schema\/logo\/image\/\",\"url\":\"https:\/\/divegab.com\/wp-content\/uploads\/2020\/05\/logo-dive-gab-svg.svg\",\"contentUrl\":\"https:\/\/divegab.com\/wp-content\/uploads\/2020\/05\/logo-dive-gab-svg.svg\",\"width\":1,\"height\":1,\"caption\":\"DiveGab\"},\"image\":{\"@id\":\"https:\/\/divegab.com\/it\/#\/schema\/logo\/image\/\"},\"sameAs\":[\"https:\/\/web.facebook.com\/divegab\",\"https:\/\/www.instagram.com\/divegab\/?hl=en\",\"https:\/\/www.youtube.com\/channel\/UCq9HvXUSWFaplU3PGEWdyCA?view_as=subscriber\"]}]}<\/script>\n<!-- \/ Yoast SEO Premium plugin. -->","yoast_head_json":{"title":"PADI Scuba Diver-kurs i Bali | DiveGab","description":"Ta PADI Scuba Diver-kursen p\u00e5 Bali och dyk v\u00e4rlden \u00f6ver. Certifiera dig p\u00e5 2 dagar och uppt\u00e4ck livfulla rev och sjunkna vrak p\u00e5 Bali.","robots":{"index":"index","follow":"follow","max-snippet":"max-snippet:-1","max-image-preview":"max-image-preview:large","max-video-preview":"max-video-preview:-1"},"canonical":"https:\/\/divegab.com\/sv\/scuba-diver-in-bali\/","og_locale":"sv_SE","og_type":"article","og_title":"Scuba Diver","og_description":"Get the PADI Scuba Diver course in Bali and dive worldwide. Get certified in 2 days and discover vibrant reefs & sunken shipwreck in Bali","og_url":"https:\/\/divegab.com\/sv\/scuba-diver-in-bali\/","og_site_name":"DiveGab","article_publisher":"https:\/\/web.facebook.com\/divegab","article_modified_time":"2025-01-09T04:46:46+00:00","og_image":[{"width":2707,"height":1581,"url":"https:\/\/divegab.com\/wp-content\/uploads\/2023\/04\/Scuba-Diver-Course-2-Days-in-Bali.jpg","type":"image\/jpeg"}],"twitter_card":"summary_large_image","twitter_misc":{"Ber\u00e4knad l\u00e4stid":"2 minuter"},"schema":{"@context":"https:\/\/schema.org","@graph":[{"@type":"WebPage","@id":"https:\/\/divegab.com\/scuba-diver-in-bali\/","url":"https:\/\/divegab.com\/scuba-diver-in-bali\/","name":"PADI Scuba Diver-kurs i Bali | DiveGab","isPartOf":{"@id":"https:\/\/divegab.com\/it\/#website"},"primaryImageOfPage":{"@id":"https:\/\/divegab.com\/scuba-diver-in-bali\/#primaryimage"},"image":{"@id":"https:\/\/divegab.com\/scuba-diver-in-bali\/#primaryimage"},"thumbnailUrl":"https:\/\/divegab.com\/wp-content\/uploads\/2023\/04\/Scuba-Diver-Course-2-Days-in-Bali.jpg","datePublished":"2023-04-19T02:29:16+00:00","dateModified":"2025-01-09T04:46:46+00:00","description":"Ta PADI Scuba Diver-kursen p\u00e5 Bali och dyk v\u00e4rlden \u00f6ver. Certifiera dig p\u00e5 2 dagar och uppt\u00e4ck livfulla rev och sjunkna vrak p\u00e5 Bali.","breadcrumb":{"@id":"https:\/\/divegab.com\/scuba-diver-in-bali\/#breadcrumb"},"inLanguage":"sv-SE","potentialAction":[{"@type":"ReadAction","target":["https:\/\/divegab.com\/scuba-diver-in-bali\/"]}]},{"@type":"ImageObject","inLanguage":"sv-SE","@id":"https:\/\/divegab.com\/scuba-diver-in-bali\/#primaryimage","url":"https:\/\/divegab.com\/wp-content\/uploads\/2023\/04\/Scuba-Diver-Course-2-Days-in-Bali.jpg","contentUrl":"https:\/\/divegab.com\/wp-content\/uploads\/2023\/04\/Scuba-Diver-Course-2-Days-in-Bali.jpg","width":2707,"height":1581,"caption":"DiveGab teachig Scuba Diver Course in Bali Tulamben"},{"@type":"BreadcrumbList","@id":"https:\/\/divegab.com\/scuba-diver-in-bali\/#breadcrumb","itemListElement":[{"@type":"ListItem","position":1,"name":"Home","item":"https:\/\/divegab.com\/"},{"@type":"ListItem","position":2,"name":"Scuba Diver"}]},{"@type":"WebSite","@id":"https:\/\/divegab.com\/it\/#website","url":"https:\/\/divegab.com\/it\/","name":"DiveGab","description":"Dyka p\u00e5 Bali","publisher":{"@id":"https:\/\/divegab.com\/it\/#organization"},"potentialAction":[{"@type":"SearchAction","target":{"@type":"EntryPoint","urlTemplate":"https:\/\/divegab.com\/it\/?s={search_term_string}"},"query-input":{"@type":"PropertyValueSpecification","valueRequired":true,"valueName":"search_term_string"}}],"inLanguage":"sv-SE"},{"@type":"Organization","@id":"https:\/\/divegab.com\/it\/#organization","name":"DiveGab","url":"https:\/\/divegab.com\/it\/","logo":{"@type":"ImageObject","inLanguage":"sv-SE","@id":"https:\/\/divegab.com\/it\/#\/schema\/logo\/image\/","url":"https:\/\/divegab.com\/wp-content\/uploads\/2020\/05\/logo-dive-gab-svg.svg","contentUrl":"https:\/\/divegab.com\/wp-content\/uploads\/2020\/05\/logo-dive-gab-svg.svg","width":1,"height":1,"caption":"DiveGab"},"image":{"@id":"https:\/\/divegab.com\/it\/#\/schema\/logo\/image\/"},"sameAs":["https:\/\/web.facebook.com\/divegab","https:\/\/www.instagram.com\/divegab\/?hl=en","https:\/\/www.youtube.com\/channel\/UCq9HvXUSWFaplU3PGEWdyCA?view_as=subscriber"]}]}},"_links":{"self":[{"href":"https:\/\/divegab.com\/sv\/wp-json\/wp\/v2\/pages\/5437","targetHints":{"allow":["GET"]}}],"collection":[{"href":"https:\/\/divegab.com\/sv\/wp-json\/wp\/v2\/pages"}],"about":[{"href":"https:\/\/divegab.com\/sv\/wp-json\/wp\/v2\/types\/page"}],"author":[{"embeddable":true,"href":"https:\/\/divegab.com\/sv\/wp-json\/wp\/v2\/users\/1"}],"replies":[{"embeddable":true,"href":"https:\/\/divegab.com\/sv\/wp-json\/wp\/v2\/comments?post=5437"}],"version-history":[{"count":122,"href":"https:\/\/divegab.com\/sv\/wp-json\/wp\/v2\/pages\/5437\/revisions"}],"predecessor-version":[{"id":8456,"href":"https:\/\/divegab.com\/sv\/wp-json\/wp\/v2\/pages\/5437\/revisions\/8456"}],"wp:featuredmedia":[{"embeddable":true,"href":"https:\/\/divegab.com\/sv\/wp-json\/wp\/v2\/media\/5472"}],"wp:attachment":[{"href":"https:\/\/divegab.com\/sv\/wp-json\/wp\/v2\/media?parent=5437"}],"curies":[{"name":"wp","href":"https:\/\/api.w.org\/{rel}","templated":true}]}}