{"id":811,"date":"2020-05-29T11:52:42","date_gmt":"2020-05-29T11:52:42","guid":{"rendered":"http:\/\/divegab.com\/?page_id=811"},"modified":"2025-01-09T04:47:41","modified_gmt":"2025-01-09T04:47:41","slug":"open-water-course-in-bali","status":"publish","type":"page","link":"https:\/\/divegab.com\/sv\/padi-courses\/open-water-kurs-i-bali\/","title":{"rendered":"Open Water"},"content":{"rendered":"\t\t<div data-elementor-type=\"wp-page\" data-elementor-id=\"811\" class=\"elementor elementor-811\" data-elementor-post-type=\"page\">\n\t\t\t\t\t\t<section class=\"elementor-section elementor-top-section elementor-element elementor-element-53e06d2 elementor-section-stretched elementor-section-full_width elementor-section-height-min-height elementor-section-height-default elementor-section-items-middle\" data-id=\"53e06d2\" data-element_type=\"section\" data-e-type=\"section\" data-settings=\"{&quot;stretch_section&quot;:&quot;section-stretched&quot;,&quot;background_background&quot;:&quot;classic&quot;}\">\n\t\t\t\t\t\t\t<div class=\"elementor-background-overlay\"><\/div>\n\t\t\t\t\t\t\t<div class=\"elementor-container elementor-column-gap-no\">\n\t\t\t\t\t<div class=\"elementor-column elementor-col-100 elementor-top-column elementor-element elementor-element-479a801\" data-id=\"479a801\" data-element_type=\"column\" data-e-type=\"column\">\n\t\t\t<div class=\"elementor-widget-wrap\">\n\t\t\t\t\t\t\t<\/div>\n\t\t<\/div>\n\t\t\t\t\t<\/div>\n\t\t<\/section>\n\t\t\t\t<section class=\"elementor-section elementor-top-section elementor-element elementor-element-c3a72a6 elementor-section-height-min-height elementor-section-stretched elementor-section-boxed elementor-section-height-default elementor-section-items-middle\" data-id=\"c3a72a6\" data-element_type=\"section\" data-e-type=\"section\" data-settings=\"{&quot;background_background&quot;:&quot;classic&quot;,&quot;stretch_section&quot;:&quot;section-stretched&quot;}\">\n\t\t\t\t\t\t<div class=\"elementor-container elementor-column-gap-default\">\n\t\t\t\t\t<div class=\"elementor-column elementor-col-100 elementor-top-column elementor-element elementor-element-7ecbf41\" data-id=\"7ecbf41\" data-element_type=\"column\" data-e-type=\"column\">\n\t\t\t<div class=\"elementor-widget-wrap elementor-element-populated\">\n\t\t\t\t\t\t<div class=\"elementor-element elementor-element-47dc178 elementor-widget elementor-widget-heading\" data-id=\"47dc178\" data-element_type=\"widget\" data-e-type=\"widget\" data-widget_type=\"heading.default\">\n\t\t\t\t<div class=\"elementor-widget-container\">\n\t\t\t\t\t<h1 class=\"elementor-heading-title elementor-size-default\">PADI Open Water Course in Bali<\/h1>\t\t\t\t<\/div>\n\t\t\t\t<\/div>\n\t\t\t\t<div class=\"elementor-element elementor-element-f973c46 elementor-widget elementor-widget-text-editor\" data-id=\"f973c46\" data-element_type=\"widget\" data-e-type=\"widget\" data-widget_type=\"text-editor.default\">\n\t\t\t\t<div class=\"elementor-widget-container\">\n\t\t\t\t\t\t\t\t\tAre you ready for an adventure of a lifetime? Imagine exploring a whole new world, surrounded by the vibrant colors and exotic marine life of Bali&#8217;s underwater realm. With our PADI Open Water certification course in Bali, you can make that dream a reality and dive anywhere in the world!\n\t\t\t\t\t\t\t\t<\/div>\n\t\t\t\t<\/div>\n\t\t\t\t<div class=\"elementor-element elementor-element-e8721c6 elementor-align-center elementor-widget elementor-widget-button\" data-id=\"e8721c6\" data-element_type=\"widget\" data-e-type=\"widget\" data-widget_type=\"button.default\">\n\t\t\t\t<div class=\"elementor-widget-container\">\n\t\t\t\t\t\t\t\t\t<div class=\"elementor-button-wrapper\">\n\t\t\t\t\t<a class=\"elementor-button elementor-button-link elementor-size-sm\" href=\"#info\">\n\t\t\t\t\t\t<span class=\"elementor-button-content-wrapper\">\n\t\t\t\t\t\t\t\t\t<span class=\"elementor-button-text\">Book NOW!<\/span>\n\t\t\t\t\t<\/span>\n\t\t\t\t\t<\/a>\n\t\t\t\t<\/div>\n\t\t\t\t\t\t\t\t<\/div>\n\t\t\t\t<\/div>\n\t\t\t\t<div class=\"elementor-element elementor-element-d7671d4 elementor-widget elementor-widget-heading\" data-id=\"d7671d4\" data-element_type=\"widget\" data-e-type=\"widget\" data-widget_type=\"heading.default\">\n\t\t\t\t<div class=\"elementor-widget-container\">\n\t\t\t\t\t<h2 class=\"elementor-heading-title elementor-size-default\">Highlight of the Open Water Course<\/h2>\t\t\t\t<\/div>\n\t\t\t\t<\/div>\n\t\t\t\t<div class=\"elementor-element elementor-element-26116bf elementor-widget elementor-widget-text-editor\" data-id=\"26116bf\" data-element_type=\"widget\" data-e-type=\"widget\" data-widget_type=\"text-editor.default\">\n\t\t\t\t<div class=\"elementor-widget-container\">\n\t\t\t\t\t\t\t\t\t<p>Here&#8217;s what you can expect from the course:<br \/><br \/><\/p><p>First, you&#8217;ll attend the class session where you&#8217;ll learn the fundamentals of dive theory and safety procedures. You&#8217;ll be guided by our experienced PADI instructors who will help you understand everything you need to know about diving.<br \/><br \/><\/p><p>Next, you&#8217;ll head to the pool session where you&#8217;ll get hands-on practice with the dive equipment and master essential dive skills in a safe and controlled environment. Our instructors will be right there with you, to make sure you feel comfortable and confident.<br \/><br \/><\/p><p>Finally, it&#8217;s time for the ocean dives! This is where the real adventure begins. You&#8217;ll put all your newly acquired skills and knowledge into practice as you explore the beautiful waters of Bali. The colorful coral reefs and diverse marine life will leave you in awe, and you&#8217;ll never forget the incredible feeling of being weightless and free underwater.<\/p>\t\t\t\t\t\t\t\t<\/div>\n\t\t\t\t<\/div>\n\t\t\t\t<div class=\"elementor-element elementor-element-c1c628f elementor-widget elementor-widget-heading\" data-id=\"c1c628f\" data-element_type=\"widget\" data-e-type=\"widget\" data-widget_type=\"heading.default\">\n\t\t\t\t<div class=\"elementor-widget-container\">\n\t\t\t\t\t<h2 class=\"elementor-heading-title elementor-size-default\">Certification to dive independently with PADI Open Water in Bali<\/h2>\t\t\t\t<\/div>\n\t\t\t\t<\/div>\n\t\t\t\t<div class=\"elementor-element elementor-element-30bd5c9 elementor-widget elementor-widget-text-editor\" data-id=\"30bd5c9\" data-element_type=\"widget\" data-e-type=\"widget\" data-widget_type=\"text-editor.default\">\n\t\t\t\t<div class=\"elementor-widget-container\">\n\t\t\t\t\t\t\t\t\tAt the end of the course, you&#8217;ll receive your PADI Open Water certification and be able to dive independently with your buddy to a maximum depth of 18 meters. No prior diving experience is necessary, as our instructors will be there to guide you every step of the way.<br><br>\n\nSo, are you ready to start your unforgettable diving adventure in Bali? Join us today and discover a whole new world beneath the waves!\t\t\t\t\t\t\t\t<\/div>\n\t\t\t\t<\/div>\n\t\t\t\t<div class=\"elementor-element elementor-element-0c42abf elementor-widget elementor-widget-heading\" data-id=\"0c42abf\" data-element_type=\"widget\" data-e-type=\"widget\" data-widget_type=\"heading.default\">\n\t\t\t\t<div class=\"elementor-widget-container\">\n\t\t\t\t\t<h2 class=\"elementor-heading-title elementor-size-default\">Programme of the PADI Open Water Course<\/h2>\t\t\t\t<\/div>\n\t\t\t\t<\/div>\n\t\t\t\t<div class=\"elementor-element elementor-element-1bf2792 elementor-widget elementor-widget-text-editor\" data-id=\"1bf2792\" data-element_type=\"widget\" data-e-type=\"widget\" data-widget_type=\"text-editor.default\">\n\t\t\t\t<div class=\"elementor-widget-container\">\n\t\t\t\t\t\t\t\t\t<ul>\n \t<li>The duration is 4 days\/ 3 days if you choose <a href=\"https:\/\/www.padi.com\/courses\/open-water-diver\" rel=\"noopener\" target=\"_blank\">e-learning<\/a> (you will study the theory independently before getting to Bali or once you arrived on the island). If you don&#8217;t have enough time and you still want to join a dive course you can opt for the <a href=\"https:\/\/divegab.com\/scuba-diver-in-bali\/\">Scuba Diver<\/a> which only takes 2 days<\/li><br>\n \t<li>Day 1: Class session (5 sections followed by a final exam)<\/li><br>\n \t<li>Day 2: Pool session (5 sections that gradually develops your skills)<\/li><br>\n \t<li>Day 3: 2 Ocean Dives in <a style=\"color: #fee609;\" href=\"http:\/\/divegab.com\/dive-trips\/padang-bai\/\">Padang Bai<\/a>\/<a style=\"color: #fee609;\" href=\"http:\/\/divegab.com\/dive-trips\/sanur\/\">Sanur<\/a><\/li><br>\n \t<li>Day 4: 2 Ocean Dives in <a style=\"color: #fee609;\" href=\"http:\/\/divegab.com\/dive-trips\/tulamben\/\">Tulamben<\/a>. The course is quite flexible so we can combine it to make it more enjoyable for you.<\/li>\n<\/ul>\t\t\t\t\t\t\t\t<\/div>\n\t\t\t\t<\/div>\n\t\t\t\t<div class=\"elementor-element elementor-element-e836886 elementor-widget elementor-widget-heading\" data-id=\"e836886\" data-element_type=\"widget\" data-e-type=\"widget\" data-widget_type=\"heading.default\">\n\t\t\t\t<div class=\"elementor-widget-container\">\n\t\t\t\t\t<h2 class=\"elementor-heading-title elementor-size-default\">Prerequisites for Join the Course<\/h2>\t\t\t\t<\/div>\n\t\t\t\t<\/div>\n\t\t\t\t<div class=\"elementor-element elementor-element-1905516 elementor-widget elementor-widget-text-editor\" data-id=\"1905516\" data-element_type=\"widget\" data-e-type=\"widget\" data-widget_type=\"text-editor.default\">\n\t\t\t\t<div class=\"elementor-widget-container\">\n\t\t\t\t\t\t\t\t\t<ul>\n \t<li>Be at least 10 years old<\/li><br>\n \t<li>Be in a good health for outdoor activities (you will have to fill in a medical statement before we start)<\/li><br>\n \t<li>Be able to swim a short distance in the style that you are more comfortable with<\/li>\n<\/ul>\t\t\t\t\t\t\t\t<\/div>\n\t\t\t\t<\/div>\n\t\t\t\t\t<\/div>\n\t\t<\/div>\n\t\t\t\t\t<\/div>\n\t\t<\/section>\n\t\t\t\t<section class=\"elementor-section elementor-top-section elementor-element elementor-element-acf4bc2 elementor-section-height-min-height elementor-section-stretched elementor-section-boxed elementor-section-height-default elementor-section-items-middle\" data-id=\"acf4bc2\" data-element_type=\"section\" data-e-type=\"section\" id=\"info\" data-settings=\"{&quot;background_background&quot;:&quot;classic&quot;,&quot;stretch_section&quot;:&quot;section-stretched&quot;}\">\n\t\t\t\t\t\t<div class=\"elementor-container elementor-column-gap-default\">\n\t\t\t\t\t<div class=\"elementor-column elementor-col-100 elementor-top-column elementor-element elementor-element-9424598\" data-id=\"9424598\" data-element_type=\"column\" data-e-type=\"column\">\n\t\t\t<div class=\"elementor-widget-wrap elementor-element-populated\">\n\t\t\t\t\t\t<div class=\"elementor-element elementor-element-1b328a4 elementor-widget elementor-widget-heading\" data-id=\"1b328a4\" data-element_type=\"widget\" data-e-type=\"widget\" data-widget_type=\"heading.default\">\n\t\t\t\t<div class=\"elementor-widget-container\">\n\t\t\t\t\t<h3 class=\"elementor-heading-title elementor-size-default\">Info\/Booking<\/h3>\t\t\t\t<\/div>\n\t\t\t\t<\/div>\n\t\t\t\t\t<\/div>\n\t\t<\/div>\n\t\t\t\t\t<\/div>\n\t\t<\/section>\n\t\t\t\t<section class=\"elementor-section elementor-top-section elementor-element elementor-element-c50142a elementor-section-boxed elementor-section-height-default elementor-section-height-default\" data-id=\"c50142a\" data-element_type=\"section\" data-e-type=\"section\" data-settings=\"{&quot;background_background&quot;:&quot;classic&quot;}\">\n\t\t\t\t\t\t<div class=\"elementor-container elementor-column-gap-default\">\n\t\t\t\t\t<div class=\"elementor-column elementor-col-33 elementor-top-column elementor-element elementor-element-c5baab1\" data-id=\"c5baab1\" data-element_type=\"column\" data-e-type=\"column\">\n\t\t\t<div class=\"elementor-widget-wrap\">\n\t\t\t\t\t\t\t<\/div>\n\t\t<\/div>\n\t\t\t\t<div class=\"elementor-column elementor-col-33 elementor-top-column elementor-element elementor-element-45b7068\" data-id=\"45b7068\" data-element_type=\"column\" data-e-type=\"column\">\n\t\t\t<div class=\"elementor-widget-wrap elementor-element-populated\">\n\t\t\t\t\t\t<div class=\"elementor-element elementor-element-9cd00a3 elementor-button-align-stretch elementor-widget elementor-widget-form\" data-id=\"9cd00a3\" data-element_type=\"widget\" data-e-type=\"widget\" data-settings=\"{&quot;step_next_label&quot;:&quot;Next&quot;,&quot;step_previous_label&quot;:&quot;Previous&quot;,&quot;button_width&quot;:&quot;100&quot;,&quot;step_type&quot;:&quot;number_text&quot;,&quot;step_icon_shape&quot;:&quot;circle&quot;}\" data-widget_type=\"form.default\">\n\t\t\t\t<div class=\"elementor-widget-container\">\n\t\t\t\t\t\t\t<form class=\"elementor-form\" method=\"post\" name=\"New Form\" aria-label=\"New Form\">\n\t\t\t<input type=\"hidden\" name=\"post_id\" value=\"811\"\/>\n\t\t\t<input type=\"hidden\" name=\"form_id\" value=\"9cd00a3\"\/>\n\t\t\t<input type=\"hidden\" name=\"referer_title\" value=\"Get PADI Open Water certification in Bali with Best PADI Instructors\" \/>\n\n\t\t\t\t\t\t\t<input type=\"hidden\" name=\"queried_id\" value=\"811\"\/>\n\t\t\t\n\t\t\t<div class=\"elementor-form-fields-wrapper elementor-labels-above\">\n\t\t\t\t\t\t\t\t<div class=\"elementor-field-type-text elementor-field-group elementor-column elementor-field-group-name elementor-col-100\">\n\t\t\t\t\t\t\t\t\t\t\t\t<label for=\"form-field-name\" class=\"elementor-field-label\">\n\t\t\t\t\t\t\t\tName\t\t\t\t\t\t\t<\/label>\n\t\t\t\t\t\t\t\t\t\t\t\t\t\t<input size=\"1\" type=\"text\" name=\"form_fields[name]\" id=\"form-field-name\" class=\"elementor-field elementor-size-sm  elementor-field-textual\" placeholder=\"your name\">\n\t\t\t\t\t\t\t\t\t\t\t<\/div>\n\t\t\t\t\t\t\t\t<div class=\"elementor-field-type-email elementor-field-group elementor-column elementor-field-group-email elementor-col-100 elementor-field-required\">\n\t\t\t\t\t\t\t\t\t\t\t\t<label for=\"form-field-email\" class=\"elementor-field-label\">\n\t\t\t\t\t\t\t\tEmail\t\t\t\t\t\t\t<\/label>\n\t\t\t\t\t\t\t\t\t\t\t\t\t\t<input size=\"1\" type=\"email\" name=\"form_fields[email]\" id=\"form-field-email\" class=\"elementor-field elementor-size-sm  elementor-field-textual\" placeholder=\"your email\" required=\"required\">\n\t\t\t\t\t\t\t\t\t\t\t<\/div>\n\t\t\t\t\t\t\t\t<div class=\"elementor-field-type-textarea elementor-field-group elementor-column elementor-field-group-message elementor-col-100\">\n\t\t\t\t\t\t\t\t\t\t\t\t<label for=\"form-field-message\" class=\"elementor-field-label\">\n\t\t\t\t\t\t\t\tMessage\t\t\t\t\t\t\t<\/label>\n\t\t\t\t\t\t<textarea class=\"elementor-field-textual elementor-field  elementor-size-sm\" name=\"form_fields[message]\" id=\"form-field-message\" rows=\"4\" placeholder=\"Message\"><\/textarea>\t\t\t\t<\/div>\n\t\t\t\t\t\t\t\t<div class=\"elementor-field-type-recaptcha_v3 elementor-field-group elementor-column elementor-field-group-field_1 elementor-col-100 recaptcha_v3-inline\">\n\t\t\t\t\t<div class=\"elementor-field\" id=\"form-field-field_1\"><div class=\"elementor-g-recaptcha\" data-sitekey=\"6LeNTrIqAAAAAIplTogaA_y5OwkIEe7cMbVzyM-z\" data-type=\"v3\" data-action=\"Form\" data-badge=\"inline\" data-size=\"invisible\"><\/div><\/div>\t\t\t\t<\/div>\n\t\t\t\t\t\t\t\t<div class=\"elementor-field-group elementor-column elementor-field-type-submit elementor-col-100 e-form__buttons\">\n\t\t\t\t\t<button class=\"elementor-button elementor-size-sm\" type=\"submit\">\n\t\t\t\t\t\t<span class=\"elementor-button-content-wrapper\">\n\t\t\t\t\t\t\t\t\t\t\t\t\t\t\t\t\t\t\t\t\t\t<span class=\"elementor-button-text\">Send<\/span>\n\t\t\t\t\t\t\t\t\t\t\t\t\t<\/span>\n\t\t\t\t\t<\/button>\n\t\t\t\t<\/div>\n\t\t\t<\/div>\n\t\t<\/form>\n\t\t\t\t\t\t<\/div>\n\t\t\t\t<\/div>\n\t\t\t\t\t<\/div>\n\t\t<\/div>\n\t\t\t\t<div class=\"elementor-column elementor-col-33 elementor-top-column elementor-element elementor-element-f954604\" data-id=\"f954604\" data-element_type=\"column\" data-e-type=\"column\">\n\t\t\t<div class=\"elementor-widget-wrap\">\n\t\t\t\t\t\t\t<\/div>\n\t\t<\/div>\n\t\t\t\t\t<\/div>\n\t\t<\/section>\n\t\t\t\t<\/div>\n\t\t","protected":false},"excerpt":{"rendered":"<p>PADI Open Water Course in Bali Are you ready for an adventure of a lifetime? Imagine exploring a whole new world, surrounded by the vibrant colors and exotic marine life of Bali&#8217;s underwater realm. With our PADI Open Water certification course in Bali, you can make that dream a reality and dive anywhere in the [&hellip;]<\/p>\n","protected":false},"author":1,"featured_media":2424,"parent":907,"menu_order":0,"comment_status":"closed","ping_status":"closed","template":"","meta":{"footnotes":""},"class_list":["post-811","page","type-page","status-publish","has-post-thumbnail","hentry"],"yoast_head":"<!-- This site is optimized with the Yoast SEO Premium plugin v26.7 (Yoast SEO v27.2) - https:\/\/yoast.com\/product\/yoast-seo-premium-wordpress\/ -->\n<title>Get PADI Open Water certification in Bali with Best PADI Instructors<\/title>\n<meta name=\"description\" content=\"Dive in Bali with the Best PADI Instructors and get certified as PADI Open Water. Join to dive the underwater world safely and confidently.\" \/>\n<meta name=\"robots\" content=\"index, follow, max-snippet:-1, max-image-preview:large, max-video-preview:-1\" \/>\n<link rel=\"canonical\" href=\"https:\/\/divegab.com\/sv\/padi-courses\/open-water-course-in-bali\/\" \/>\n<meta property=\"og:locale\" content=\"sv_SE\" \/>\n<meta property=\"og:type\" content=\"article\" \/>\n<meta property=\"og:title\" content=\"Open Water\" \/>\n<meta property=\"og:description\" content=\"Dive in Bali with the Best PADI Instructors and get certified as PADI Open Water. Join to dive the underwater world safely and confidently.\" \/>\n<meta property=\"og:url\" content=\"https:\/\/divegab.com\/sv\/padi-courses\/open-water-course-in-bali\/\" \/>\n<meta property=\"og:site_name\" content=\"DiveGab\" \/>\n<meta property=\"article:publisher\" content=\"https:\/\/web.facebook.com\/divegab\" \/>\n<meta property=\"article:modified_time\" content=\"2025-01-09T04:47:41+00:00\" \/>\n<meta property=\"og:image\" content=\"https:\/\/divegab.com\/wp-content\/uploads\/2020\/07\/Diver-Open-Water-Course.jpg\" \/>\n\t<meta property=\"og:image:width\" content=\"1500\" \/>\n\t<meta property=\"og:image:height\" content=\"1026\" \/>\n\t<meta property=\"og:image:type\" content=\"image\/jpeg\" \/>\n<meta name=\"twitter:card\" content=\"summary_large_image\" \/>\n<meta name=\"twitter:label1\" content=\"Ber\u00e4knad l\u00e4stid\" \/>\n\t<meta name=\"twitter:data1\" content=\"3 minuter\" \/>\n<script type=\"application\/ld+json\" class=\"yoast-schema-graph\">{\"@context\":\"https:\/\/schema.org\",\"@graph\":[{\"@type\":\"WebPage\",\"@id\":\"https:\/\/divegab.com\/padi-courses\/open-water-course-in-bali\/\",\"url\":\"https:\/\/divegab.com\/padi-courses\/open-water-course-in-bali\/\",\"name\":\"Get PADI Open Water certification in Bali with Best PADI Instructors\",\"isPartOf\":{\"@id\":\"https:\/\/divegab.com\/it\/#website\"},\"primaryImageOfPage\":{\"@id\":\"https:\/\/divegab.com\/padi-courses\/open-water-course-in-bali\/#primaryimage\"},\"image\":{\"@id\":\"https:\/\/divegab.com\/padi-courses\/open-water-course-in-bali\/#primaryimage\"},\"thumbnailUrl\":\"https:\/\/divegab.com\/wp-content\/uploads\/2020\/07\/Diver-Open-Water-Course.jpg\",\"datePublished\":\"2020-05-29T11:52:42+00:00\",\"dateModified\":\"2025-01-09T04:47:41+00:00\",\"description\":\"Dive in Bali with the Best PADI Instructors and get certified as PADI Open Water. Join to dive the underwater world safely and confidently.\",\"breadcrumb\":{\"@id\":\"https:\/\/divegab.com\/padi-courses\/open-water-course-in-bali\/#breadcrumb\"},\"inLanguage\":\"sv-SE\",\"potentialAction\":[{\"@type\":\"ReadAction\",\"target\":[\"https:\/\/divegab.com\/padi-courses\/open-water-course-in-bali\/\"]}]},{\"@type\":\"ImageObject\",\"inLanguage\":\"sv-SE\",\"@id\":\"https:\/\/divegab.com\/padi-courses\/open-water-course-in-bali\/#primaryimage\",\"url\":\"https:\/\/divegab.com\/wp-content\/uploads\/2020\/07\/Diver-Open-Water-Course.jpg\",\"contentUrl\":\"https:\/\/divegab.com\/wp-content\/uploads\/2020\/07\/Diver-Open-Water-Course.jpg\",\"width\":1500,\"height\":1026,\"caption\":\"Two divers in training for Open Water Course in Bali\"},{\"@type\":\"BreadcrumbList\",\"@id\":\"https:\/\/divegab.com\/padi-courses\/open-water-course-in-bali\/#breadcrumb\",\"itemListElement\":[{\"@type\":\"ListItem\",\"position\":1,\"name\":\"Home\",\"item\":\"https:\/\/divegab.com\/\"},{\"@type\":\"ListItem\",\"position\":2,\"name\":\"PADI Courses\",\"item\":\"https:\/\/divegab.com\/padi-courses\/\"},{\"@type\":\"ListItem\",\"position\":3,\"name\":\"Open Water\"}]},{\"@type\":\"WebSite\",\"@id\":\"https:\/\/divegab.com\/it\/#website\",\"url\":\"https:\/\/divegab.com\/it\/\",\"name\":\"DiveGab\",\"description\":\"Dive in Bali\",\"publisher\":{\"@id\":\"https:\/\/divegab.com\/it\/#organization\"},\"potentialAction\":[{\"@type\":\"SearchAction\",\"target\":{\"@type\":\"EntryPoint\",\"urlTemplate\":\"https:\/\/divegab.com\/it\/?s={search_term_string}\"},\"query-input\":{\"@type\":\"PropertyValueSpecification\",\"valueRequired\":true,\"valueName\":\"search_term_string\"}}],\"inLanguage\":\"sv-SE\"},{\"@type\":\"Organization\",\"@id\":\"https:\/\/divegab.com\/it\/#organization\",\"name\":\"DiveGab\",\"url\":\"https:\/\/divegab.com\/it\/\",\"logo\":{\"@type\":\"ImageObject\",\"inLanguage\":\"sv-SE\",\"@id\":\"https:\/\/divegab.com\/it\/#\/schema\/logo\/image\/\",\"url\":\"https:\/\/divegab.com\/wp-content\/uploads\/2020\/05\/logo-dive-gab-svg.svg\",\"contentUrl\":\"https:\/\/divegab.com\/wp-content\/uploads\/2020\/05\/logo-dive-gab-svg.svg\",\"width\":1,\"height\":1,\"caption\":\"DiveGab\"},\"image\":{\"@id\":\"https:\/\/divegab.com\/it\/#\/schema\/logo\/image\/\"},\"sameAs\":[\"https:\/\/web.facebook.com\/divegab\",\"https:\/\/www.instagram.com\/divegab\/?hl=en\",\"https:\/\/www.youtube.com\/channel\/UCq9HvXUSWFaplU3PGEWdyCA?view_as=subscriber\"]}]}<\/script>\n<!-- \/ Yoast SEO Premium plugin. -->","yoast_head_json":{"title":"PADI Open Water-certifiering p\u00e5 Bali med de b\u00e4sta PADI-instrukt\u00f6rerna","description":"Dyk i Bali med de b\u00e4sta PADI-instrukt\u00f6rerna och certifiera dig som PADI Open Water. G\u00e5 med f\u00f6r att dyka undervattensv\u00e4rlden s\u00e4kert och tryggt.","robots":{"index":"index","follow":"follow","max-snippet":"max-snippet:-1","max-image-preview":"max-image-preview:large","max-video-preview":"max-video-preview:-1"},"canonical":"https:\/\/divegab.com\/sv\/padi-courses\/open-water-course-in-bali\/","og_locale":"sv_SE","og_type":"article","og_title":"Open Water","og_description":"Dive in Bali with the Best PADI Instructors and get certified as PADI Open Water. Join to dive the underwater world safely and confidently.","og_url":"https:\/\/divegab.com\/sv\/padi-courses\/open-water-course-in-bali\/","og_site_name":"DiveGab","article_publisher":"https:\/\/web.facebook.com\/divegab","article_modified_time":"2025-01-09T04:47:41+00:00","og_image":[{"width":1500,"height":1026,"url":"https:\/\/divegab.com\/wp-content\/uploads\/2020\/07\/Diver-Open-Water-Course.jpg","type":"image\/jpeg"}],"twitter_card":"summary_large_image","twitter_misc":{"Ber\u00e4knad l\u00e4stid":"3 minuter"},"schema":{"@context":"https:\/\/schema.org","@graph":[{"@type":"WebPage","@id":"https:\/\/divegab.com\/padi-courses\/open-water-course-in-bali\/","url":"https:\/\/divegab.com\/padi-courses\/open-water-course-in-bali\/","name":"PADI Open Water-certifiering p\u00e5 Bali med de b\u00e4sta PADI-instrukt\u00f6rerna","isPartOf":{"@id":"https:\/\/divegab.com\/it\/#website"},"primaryImageOfPage":{"@id":"https:\/\/divegab.com\/padi-courses\/open-water-course-in-bali\/#primaryimage"},"image":{"@id":"https:\/\/divegab.com\/padi-courses\/open-water-course-in-bali\/#primaryimage"},"thumbnailUrl":"https:\/\/divegab.com\/wp-content\/uploads\/2020\/07\/Diver-Open-Water-Course.jpg","datePublished":"2020-05-29T11:52:42+00:00","dateModified":"2025-01-09T04:47:41+00:00","description":"Dyk i Bali med de b\u00e4sta PADI-instrukt\u00f6rerna och certifiera dig som PADI Open Water. G\u00e5 med f\u00f6r att dyka undervattensv\u00e4rlden s\u00e4kert och tryggt.","breadcrumb":{"@id":"https:\/\/divegab.com\/padi-courses\/open-water-course-in-bali\/#breadcrumb"},"inLanguage":"sv-SE","potentialAction":[{"@type":"ReadAction","target":["https:\/\/divegab.com\/padi-courses\/open-water-course-in-bali\/"]}]},{"@type":"ImageObject","inLanguage":"sv-SE","@id":"https:\/\/divegab.com\/padi-courses\/open-water-course-in-bali\/#primaryimage","url":"https:\/\/divegab.com\/wp-content\/uploads\/2020\/07\/Diver-Open-Water-Course.jpg","contentUrl":"https:\/\/divegab.com\/wp-content\/uploads\/2020\/07\/Diver-Open-Water-Course.jpg","width":1500,"height":1026,"caption":"Two divers in training for Open Water Course in Bali"},{"@type":"BreadcrumbList","@id":"https:\/\/divegab.com\/padi-courses\/open-water-course-in-bali\/#breadcrumb","itemListElement":[{"@type":"ListItem","position":1,"name":"Home","item":"https:\/\/divegab.com\/"},{"@type":"ListItem","position":2,"name":"PADI Courses","item":"https:\/\/divegab.com\/padi-courses\/"},{"@type":"ListItem","position":3,"name":"Open Water"}]},{"@type":"WebSite","@id":"https:\/\/divegab.com\/it\/#website","url":"https:\/\/divegab.com\/it\/","name":"DiveGab","description":"Dyka p\u00e5 Bali","publisher":{"@id":"https:\/\/divegab.com\/it\/#organization"},"potentialAction":[{"@type":"SearchAction","target":{"@type":"EntryPoint","urlTemplate":"https:\/\/divegab.com\/it\/?s={search_term_string}"},"query-input":{"@type":"PropertyValueSpecification","valueRequired":true,"valueName":"search_term_string"}}],"inLanguage":"sv-SE"},{"@type":"Organization","@id":"https:\/\/divegab.com\/it\/#organization","name":"DiveGab","url":"https:\/\/divegab.com\/it\/","logo":{"@type":"ImageObject","inLanguage":"sv-SE","@id":"https:\/\/divegab.com\/it\/#\/schema\/logo\/image\/","url":"https:\/\/divegab.com\/wp-content\/uploads\/2020\/05\/logo-dive-gab-svg.svg","contentUrl":"https:\/\/divegab.com\/wp-content\/uploads\/2020\/05\/logo-dive-gab-svg.svg","width":1,"height":1,"caption":"DiveGab"},"image":{"@id":"https:\/\/divegab.com\/it\/#\/schema\/logo\/image\/"},"sameAs":["https:\/\/web.facebook.com\/divegab","https:\/\/www.instagram.com\/divegab\/?hl=en","https:\/\/www.youtube.com\/channel\/UCq9HvXUSWFaplU3PGEWdyCA?view_as=subscriber"]}]}},"_links":{"self":[{"href":"https:\/\/divegab.com\/sv\/wp-json\/wp\/v2\/pages\/811","targetHints":{"allow":["GET"]}}],"collection":[{"href":"https:\/\/divegab.com\/sv\/wp-json\/wp\/v2\/pages"}],"about":[{"href":"https:\/\/divegab.com\/sv\/wp-json\/wp\/v2\/types\/page"}],"author":[{"embeddable":true,"href":"https:\/\/divegab.com\/sv\/wp-json\/wp\/v2\/users\/1"}],"replies":[{"embeddable":true,"href":"https:\/\/divegab.com\/sv\/wp-json\/wp\/v2\/comments?post=811"}],"version-history":[{"count":138,"href":"https:\/\/divegab.com\/sv\/wp-json\/wp\/v2\/pages\/811\/revisions"}],"predecessor-version":[{"id":8459,"href":"https:\/\/divegab.com\/sv\/wp-json\/wp\/v2\/pages\/811\/revisions\/8459"}],"up":[{"embeddable":true,"href":"https:\/\/divegab.com\/sv\/wp-json\/wp\/v2\/pages\/907"}],"wp:featuredmedia":[{"embeddable":true,"href":"https:\/\/divegab.com\/sv\/wp-json\/wp\/v2\/media\/2424"}],"wp:attachment":[{"href":"https:\/\/divegab.com\/sv\/wp-json\/wp\/v2\/media?parent=811"}],"curies":[{"name":"wp","href":"https:\/\/api.w.org\/{rel}","templated":true}]}}