{"id":917,"date":"2020-05-30T04:16:18","date_gmt":"2020-05-30T04:16:18","guid":{"rendered":"http:\/\/divegab.com\/?page_id=917"},"modified":"2024-04-27T16:11:08","modified_gmt":"2024-04-27T16:11:08","slug":"padi-specialties-bali","status":"publish","type":"page","link":"https:\/\/divegab.com\/sv\/padi-courses\/padi-specialties-bali\/","title":{"rendered":"PADI Specialties"},"content":{"rendered":"<div data-elementor-type=\"wp-page\" data-elementor-id=\"917\" class=\"elementor elementor-917\" data-elementor-post-type=\"page\">\n\t\t\t\t\t\t<section class=\"elementor-section elementor-top-section elementor-element elementor-element-dbe8f58 elementor-section-boxed elementor-section-height-default elementor-section-height-default\" data-id=\"dbe8f58\" data-element_type=\"section\" data-e-type=\"section\" data-settings=\"{&quot;background_background&quot;:&quot;classic&quot;}\">\n\t\t\t\t\t\t<div class=\"elementor-container elementor-column-gap-default\">\n\t\t\t\t\t<div class=\"elementor-column elementor-col-100 elementor-top-column elementor-element elementor-element-220ff3a\" data-id=\"220ff3a\" data-element_type=\"column\" data-e-type=\"column\">\n\t\t\t<div class=\"elementor-widget-wrap elementor-element-populated\">\n\t\t\t\t\t\t<div class=\"elementor-element elementor-element-85656d5 elementor-widget elementor-widget-heading\" data-id=\"85656d5\" data-element_type=\"widget\" data-e-type=\"widget\" data-widget_type=\"heading.default\">\n\t\t\t\t<div class=\"elementor-widget-container\">\n\t\t\t\t\t<h1 class=\"elementor-heading-title elementor-size-default\">PADI Dive Specialties in Bali<\/h1>\t\t\t\t<\/div>\n\t\t\t\t<\/div>\n\t\t\t\t\t<\/div>\n\t\t<\/div>\n\t\t\t\t\t<\/div>\n\t\t<\/section>\n\t\t\t\t<section class=\"elementor-section elementor-top-section elementor-element elementor-element-112461e elementor-section-stretched elementor-section-boxed elementor-section-height-default elementor-section-height-default\" data-id=\"112461e\" data-element_type=\"section\" data-e-type=\"section\" data-settings=\"{&quot;background_background&quot;:&quot;classic&quot;,&quot;stretch_section&quot;:&quot;section-stretched&quot;}\">\n\t\t\t\t\t\t<div class=\"elementor-container elementor-column-gap-default\">\n\t\t\t\t\t<div class=\"elementor-column elementor-col-33 elementor-top-column elementor-element elementor-element-8251beb\" data-id=\"8251beb\" data-element_type=\"column\" data-e-type=\"column\">\n\t\t\t<div class=\"elementor-widget-wrap elementor-element-populated\">\n\t\t\t\t\t\t<div class=\"elementor-element elementor-element-d48a698 elementor-cta--skin-classic elementor-animated-content elementor-bg-transform elementor-bg-transform-zoom-in elementor-widget elementor-widget-call-to-action\" data-id=\"d48a698\" data-element_type=\"widget\" data-e-type=\"widget\" data-no-translation=\"\" data-widget_type=\"call-to-action.default\">\n\t\t\t\t<div class=\"elementor-widget-container\">\n\t\t\t\t\t<style>.elementor-element-d48a698{display:none !important}<\/style>\t\t\t\t<\/div>\n\t\t\t\t<\/div>\n\t\t\t\t<div class=\"elementor-element elementor-element-1f7aa1d elementor-cta--skin-classic elementor-animated-content elementor-bg-transform elementor-bg-transform-zoom-in elementor-widget elementor-widget-call-to-action\" data-id=\"1f7aa1d\" data-element_type=\"widget\" data-e-type=\"widget\" data-no-translation=\"\" data-widget_type=\"call-to-action.default\">\n\t\t\t\t<div class=\"elementor-widget-container\">\n\t\t\t\t\t<style>.elementor-element-1f7aa1d{display:none !important}<\/style>\t\t\t\t<\/div>\n\t\t\t\t<\/div>\n\t\t\t\t<div class=\"elementor-element elementor-element-00274f9 elementor-cta--skin-classic elementor-animated-content elementor-bg-transform elementor-bg-transform-zoom-in elementor-widget elementor-widget-call-to-action\" data-id=\"00274f9\" data-element_type=\"widget\" data-e-type=\"widget\" data-no-translation=\"\" data-widget_type=\"call-to-action.default\">\n\t\t\t\t<div class=\"elementor-widget-container\">\n\t\t\t\t\t\t\t<a class=\"elementor-cta\" href=\"https:\/\/divegab.com\/sv\/padi-courses\/padi-specialties-bali\/padi-deep-diver-bali\/\">\n\t\t\t\t\t<div class=\"elementor-cta__bg-wrapper\">\n\t\t\t\t<div class=\"elementor-cta__bg elementor-bg\" style=\"background-image: url(https:\/\/divegab.com\/wp-content\/uploads\/2020\/07\/Deep-Diver-Bali.jpg);\" role=\"img\" aria-label=\"Deep-Diver-Bali\"><\/div>\n\t\t\t\t<div class=\"elementor-cta__bg-overlay\"><\/div>\n\t\t\t<\/div>\n\t\t\t\t\t\t\t<div class=\"elementor-cta__content\">\n\t\t\t\t\n\t\t\t\t\t\t\t\t\t<h3 class=\"elementor-cta__title elementor-cta__content-item elementor-content-item\">\n\t\t\t\t\t\tDeep Diver\t\t\t\t\t<\/h3>\n\t\t\t\t\n\t\t\t\t\t\t\t\t\t<div class=\"elementor-cta__description elementor-cta__content-item elementor-content-item\">\n\t\t\t\t\t\tDjupare till gr\u00e4nserna f\u00f6r rekreationssdykning\t\t\t\t\t<\/div>\n\t\t\t\t\n\t\t\t\t\t\t\t<\/div>\n\t\t\t\t\t\t<\/a>\n\t\t\t\t\t\t<\/div>\n\t\t\t\t<\/div>\n\t\t\t\t\t<\/div>\n\t\t<\/div>\n\t\t\t\t<div class=\"elementor-column elementor-col-33 elementor-top-column elementor-element elementor-element-1e7f6b5\" data-id=\"1e7f6b5\" data-element_type=\"column\" data-e-type=\"column\">\n\t\t\t<div class=\"elementor-widget-wrap elementor-element-populated\">\n\t\t\t\t\t\t<div class=\"elementor-element elementor-element-674e51e elementor-cta--skin-classic elementor-animated-content elementor-bg-transform elementor-bg-transform-zoom-in elementor-widget elementor-widget-call-to-action\" data-id=\"674e51e\" data-element_type=\"widget\" data-e-type=\"widget\" data-no-translation=\"\" data-widget_type=\"call-to-action.default\">\n\t\t\t\t<div class=\"elementor-widget-container\">\n\t\t\t\t\t<style>.elementor-element-674e51e{display:none !important}<\/style>\t\t\t\t<\/div>\n\t\t\t\t<\/div>\n\t\t\t\t<div class=\"elementor-element elementor-element-57a0df6 elementor-cta--skin-classic elementor-animated-content elementor-bg-transform elementor-bg-transform-zoom-in elementor-widget elementor-widget-call-to-action\" data-id=\"57a0df6\" data-element_type=\"widget\" data-e-type=\"widget\" data-no-translation=\"\" data-widget_type=\"call-to-action.default\">\n\t\t\t\t<div class=\"elementor-widget-container\">\n\t\t\t\t\t<style>.elementor-element-57a0df6{display:none !important}<\/style>\t\t\t\t<\/div>\n\t\t\t\t<\/div>\n\t\t\t\t<div class=\"elementor-element elementor-element-b0b58a2 elementor-cta--skin-classic elementor-animated-content elementor-bg-transform elementor-bg-transform-zoom-in elementor-widget elementor-widget-call-to-action\" data-id=\"b0b58a2\" data-element_type=\"widget\" data-e-type=\"widget\" data-no-translation=\"\" data-widget_type=\"call-to-action.default\">\n\t\t\t\t<div class=\"elementor-widget-container\">\n\t\t\t\t\t\t\t<a class=\"elementor-cta\" href=\"https:\/\/divegab.com\/sv\/padi-courses\/padi-specialties-bali\/padi-wreck-diver-bali\/\">\n\t\t\t\t\t<div class=\"elementor-cta__bg-wrapper\">\n\t\t\t\t<div class=\"elementor-cta__bg elementor-bg\" style=\"background-image: url(https:\/\/divegab.com\/wp-content\/uploads\/2020\/07\/Wreck-specialty-in-Bali-1024x576.jpg);\" role=\"img\" aria-label=\"Wreck-specialty-in-Bali\"><\/div>\n\t\t\t\t<div class=\"elementor-cta__bg-overlay\"><\/div>\n\t\t\t<\/div>\n\t\t\t\t\t\t\t<div class=\"elementor-cta__content\">\n\t\t\t\t\n\t\t\t\t\t\t\t\t\t<h3 class=\"elementor-cta__title elementor-cta__content-item elementor-content-item\">\n\t\t\t\t\t\tWreck Diver\t\t\t\t\t<\/h3>\n\t\t\t\t\n\t\t\t\t\t\t\t\t\t<div class=\"elementor-cta__description elementor-cta__content-item elementor-content-item\">\n\t\t\t\t\t\tFamiliarisera med procedurer och tekniker f\u00f6r vrakdykning\t\t\t\t\t<\/div>\n\t\t\t\t\n\t\t\t\t\t\t\t<\/div>\n\t\t\t\t\t\t<\/a>\n\t\t\t\t\t\t<\/div>\n\t\t\t\t<\/div>\n\t\t\t\t\t<\/div>\n\t\t<\/div>\n\t\t\t\t<div class=\"elementor-column elementor-col-33 elementor-top-column elementor-element elementor-element-5f13f5f\" data-id=\"5f13f5f\" data-element_type=\"column\" data-e-type=\"column\">\n\t\t\t<div class=\"elementor-widget-wrap elementor-element-populated\">\n\t\t\t\t\t\t<div class=\"elementor-element elementor-element-10b46e0 elementor-cta--skin-classic elementor-animated-content elementor-bg-transform elementor-bg-transform-zoom-in elementor-widget elementor-widget-call-to-action\" data-id=\"10b46e0\" data-element_type=\"widget\" data-e-type=\"widget\" data-no-translation=\"\" data-widget_type=\"call-to-action.default\">\n\t\t\t\t<div class=\"elementor-widget-container\">\n\t\t\t\t\t<style>.elementor-element-10b46e0{display:none !important}<\/style>\t\t\t\t<\/div>\n\t\t\t\t<\/div>\n\t\t\t\t<div class=\"elementor-element elementor-element-ff31dbd elementor-cta--skin-classic elementor-animated-content elementor-bg-transform elementor-bg-transform-zoom-in elementor-widget elementor-widget-call-to-action\" data-id=\"ff31dbd\" data-element_type=\"widget\" data-e-type=\"widget\" data-no-translation=\"\" data-widget_type=\"call-to-action.default\">\n\t\t\t\t<div class=\"elementor-widget-container\">\n\t\t\t\t\t<style>.elementor-element-ff31dbd{display:none !important}<\/style>\t\t\t\t<\/div>\n\t\t\t\t<\/div>\n\t\t\t\t<div class=\"elementor-element elementor-element-94cb88a elementor-cta--skin-classic elementor-animated-content elementor-bg-transform elementor-bg-transform-zoom-in elementor-widget elementor-widget-call-to-action\" data-id=\"94cb88a\" data-element_type=\"widget\" data-e-type=\"widget\" data-no-translation=\"\" data-widget_type=\"call-to-action.default\">\n\t\t\t\t<div class=\"elementor-widget-container\">\n\t\t\t\t\t\t\t<a class=\"elementor-cta\" href=\"https:\/\/divegab.com\/sv\/padi-courses\/padi-specialties-bali\/padi-night-diver-bali\/\">\n\t\t\t\t\t<div class=\"elementor-cta__bg-wrapper\">\n\t\t\t\t<div class=\"elementor-cta__bg elementor-bg\" style=\"background-image: url(https:\/\/divegab.com\/wp-content\/uploads\/2020\/06\/night-diver.jpg);\" role=\"img\" aria-label=\"night diver\"><\/div>\n\t\t\t\t<div class=\"elementor-cta__bg-overlay\"><\/div>\n\t\t\t<\/div>\n\t\t\t\t\t\t\t<div class=\"elementor-cta__content\">\n\t\t\t\t\n\t\t\t\t\t\t\t\t\t<h3 class=\"elementor-cta__title elementor-cta__content-item elementor-content-item\">\n\t\t\t\t\t\tNight Diver\t\t\t\t\t<\/h3>\n\t\t\t\t\n\t\t\t\t\t\t\t\t\t<div class=\"elementor-cta__description elementor-cta__content-item elementor-content-item\">\n\t\t\t\t\t\tEn sp\u00e4nnande upplevelse f\u00f6r att beh\u00e4rska denna unika milj\u00f6\t\t\t\t\t<\/div>\n\t\t\t\t\n\t\t\t\t\t\t\t<\/div>\n\t\t\t\t\t\t<\/a>\n\t\t\t\t\t\t<\/div>\n\t\t\t\t<\/div>\n\t\t\t\t\t<\/div>\n\t\t<\/div>\n\t\t\t\t\t<\/div>\n\t\t<\/section>\n\t\t\t\t<\/div>","protected":false},"excerpt":{"rendered":"<p>PADI Dive Specialties in Bali Deep Diver Deeper until the limits of recreational diving Wreck Diver Familiarize with procedures and techniques of diving on wrecks Night Diver An exciting experience to master this unique environment<\/p>","protected":false},"author":1,"featured_media":6763,"parent":907,"menu_order":0,"comment_status":"closed","ping_status":"closed","template":"","meta":{"footnotes":""},"class_list":["post-917","page","type-page","status-publish","has-post-thumbnail","hentry"],"yoast_head":"<!-- This site is optimized with the Yoast SEO Premium plugin v26.7 (Yoast SEO v27.2) - https:\/\/yoast.com\/product\/yoast-seo-premium-wordpress\/ -->\n<title>PADI Specialties Bali: Deep, Wreck, Night<\/title>\n<meta name=\"description\" content=\"New dive skills with our Bali PADI Specialties. We offer Deep, Wreck, Night and much more. Click the link for more info about the courses\" \/>\n<meta name=\"robots\" content=\"index, follow, max-snippet:-1, max-image-preview:large, max-video-preview:-1\" \/>\n<link rel=\"canonical\" href=\"https:\/\/divegab.com\/sv\/padi-courses\/padi-specialties-bali\/\" \/>\n<meta property=\"og:locale\" content=\"sv_SE\" \/>\n<meta property=\"og:type\" content=\"article\" \/>\n<meta property=\"og:title\" content=\"PADI Specialties\" \/>\n<meta property=\"og:description\" content=\"New dive skills with our Bali PADI Specialties. We offer Deep, Wreck, Night and much more. Click the link for more info about the courses\" \/>\n<meta property=\"og:url\" content=\"https:\/\/divegab.com\/sv\/padi-courses\/padi-specialties-bali\/\" \/>\n<meta property=\"og:site_name\" content=\"DiveGab\" \/>\n<meta property=\"article:publisher\" content=\"https:\/\/web.facebook.com\/divegab\" \/>\n<meta property=\"article:modified_time\" content=\"2024-04-27T16:11:08+00:00\" \/>\n<meta property=\"og:image\" content=\"https:\/\/divegab.com\/wp-content\/uploads\/2023\/12\/PADI-Specialties-with-divegab.jpeg\" \/>\n\t<meta property=\"og:image:width\" content=\"1454\" \/>\n\t<meta property=\"og:image:height\" content=\"808\" \/>\n\t<meta property=\"og:image:type\" content=\"image\/jpeg\" \/>\n<meta name=\"twitter:card\" content=\"summary_large_image\" \/>\n<meta name=\"twitter:label1\" content=\"Ber\u00e4knad l\u00e4stid\" \/>\n\t<meta name=\"twitter:data1\" content=\"1 minut\" \/>\n<script type=\"application\/ld+json\" class=\"yoast-schema-graph\">{\"@context\":\"https:\/\/schema.org\",\"@graph\":[{\"@type\":\"WebPage\",\"@id\":\"https:\/\/divegab.com\/padi-courses\/padi-specialties-bali\/\",\"url\":\"https:\/\/divegab.com\/padi-courses\/padi-specialties-bali\/\",\"name\":\"PADI Specialties Bali: Deep, Wreck, Night\",\"isPartOf\":{\"@id\":\"https:\/\/divegab.com\/it\/#website\"},\"primaryImageOfPage\":{\"@id\":\"https:\/\/divegab.com\/padi-courses\/padi-specialties-bali\/#primaryimage\"},\"image\":{\"@id\":\"https:\/\/divegab.com\/padi-courses\/padi-specialties-bali\/#primaryimage\"},\"thumbnailUrl\":\"https:\/\/divegab.com\/wp-content\/uploads\/2023\/12\/PADI-Specialties-with-divegab.jpeg\",\"datePublished\":\"2020-05-30T04:16:18+00:00\",\"dateModified\":\"2024-04-27T16:11:08+00:00\",\"description\":\"New dive skills with our Bali PADI Specialties. We offer Deep, Wreck, Night and much more. Click the link for more info about the courses\",\"breadcrumb\":{\"@id\":\"https:\/\/divegab.com\/padi-courses\/padi-specialties-bali\/#breadcrumb\"},\"inLanguage\":\"sv-SE\",\"potentialAction\":[{\"@type\":\"ReadAction\",\"target\":[\"https:\/\/divegab.com\/padi-courses\/padi-specialties-bali\/\"]}]},{\"@type\":\"ImageObject\",\"inLanguage\":\"sv-SE\",\"@id\":\"https:\/\/divegab.com\/padi-courses\/padi-specialties-bali\/#primaryimage\",\"url\":\"https:\/\/divegab.com\/wp-content\/uploads\/2023\/12\/PADI-Specialties-with-divegab.jpeg\",\"contentUrl\":\"https:\/\/divegab.com\/wp-content\/uploads\/2023\/12\/PADI-Specialties-with-divegab.jpeg\",\"width\":1454,\"height\":808,\"caption\":\"PADI SPECIALTIES With divegab. Wreck, Deep, Night\"},{\"@type\":\"BreadcrumbList\",\"@id\":\"https:\/\/divegab.com\/padi-courses\/padi-specialties-bali\/#breadcrumb\",\"itemListElement\":[{\"@type\":\"ListItem\",\"position\":1,\"name\":\"Home\",\"item\":\"https:\/\/divegab.com\/\"},{\"@type\":\"ListItem\",\"position\":2,\"name\":\"PADI Courses\",\"item\":\"https:\/\/divegab.com\/padi-courses\/\"},{\"@type\":\"ListItem\",\"position\":3,\"name\":\"PADI Specialties\"}]},{\"@type\":\"WebSite\",\"@id\":\"https:\/\/divegab.com\/it\/#website\",\"url\":\"https:\/\/divegab.com\/it\/\",\"name\":\"DiveGab\",\"description\":\"Dive in Bali\",\"publisher\":{\"@id\":\"https:\/\/divegab.com\/it\/#organization\"},\"potentialAction\":[{\"@type\":\"SearchAction\",\"target\":{\"@type\":\"EntryPoint\",\"urlTemplate\":\"https:\/\/divegab.com\/it\/?s={search_term_string}\"},\"query-input\":{\"@type\":\"PropertyValueSpecification\",\"valueRequired\":true,\"valueName\":\"search_term_string\"}}],\"inLanguage\":\"sv-SE\"},{\"@type\":\"Organization\",\"@id\":\"https:\/\/divegab.com\/it\/#organization\",\"name\":\"DiveGab\",\"url\":\"https:\/\/divegab.com\/it\/\",\"logo\":{\"@type\":\"ImageObject\",\"inLanguage\":\"sv-SE\",\"@id\":\"https:\/\/divegab.com\/it\/#\/schema\/logo\/image\/\",\"url\":\"https:\/\/divegab.com\/wp-content\/uploads\/2020\/05\/logo-dive-gab-svg.svg\",\"contentUrl\":\"https:\/\/divegab.com\/wp-content\/uploads\/2020\/05\/logo-dive-gab-svg.svg\",\"width\":1,\"height\":1,\"caption\":\"DiveGab\"},\"image\":{\"@id\":\"https:\/\/divegab.com\/it\/#\/schema\/logo\/image\/\"},\"sameAs\":[\"https:\/\/web.facebook.com\/divegab\",\"https:\/\/www.instagram.com\/divegab\/?hl=en\",\"https:\/\/www.youtube.com\/channel\/UCq9HvXUSWFaplU3PGEWdyCA?view_as=subscriber\"]}]}<\/script>\n<!-- \/ Yoast SEO Premium plugin. -->","yoast_head_json":{"title":"PADI Specialties Bali: Deep, Wreck, Night","description":"Nya dykf\u00e4rdigheter med v\u00e5ra Bali PADI Specialties. Vi erbjuder kurser inom Djupdykning, Vrakdykning, Natt och mycket mer. Klicka p\u00e5 l\u00e4nken f\u00f6r mer information om kurserna","robots":{"index":"index","follow":"follow","max-snippet":"max-snippet:-1","max-image-preview":"max-image-preview:large","max-video-preview":"max-video-preview:-1"},"canonical":"https:\/\/divegab.com\/sv\/padi-courses\/padi-specialties-bali\/","og_locale":"sv_SE","og_type":"article","og_title":"PADI Specialties","og_description":"New dive skills with our Bali PADI Specialties. We offer Deep, Wreck, Night and much more. Click the link for more info about the courses","og_url":"https:\/\/divegab.com\/sv\/padi-courses\/padi-specialties-bali\/","og_site_name":"DiveGab","article_publisher":"https:\/\/web.facebook.com\/divegab","article_modified_time":"2024-04-27T16:11:08+00:00","og_image":[{"width":1454,"height":808,"url":"https:\/\/divegab.com\/wp-content\/uploads\/2023\/12\/PADI-Specialties-with-divegab.jpeg","type":"image\/jpeg"}],"twitter_card":"summary_large_image","twitter_misc":{"Ber\u00e4knad l\u00e4stid":"1 minut"},"schema":{"@context":"https:\/\/schema.org","@graph":[{"@type":"WebPage","@id":"https:\/\/divegab.com\/padi-courses\/padi-specialties-bali\/","url":"https:\/\/divegab.com\/padi-courses\/padi-specialties-bali\/","name":"PADI Specialties Bali: Deep, Wreck, Night","isPartOf":{"@id":"https:\/\/divegab.com\/it\/#website"},"primaryImageOfPage":{"@id":"https:\/\/divegab.com\/padi-courses\/padi-specialties-bali\/#primaryimage"},"image":{"@id":"https:\/\/divegab.com\/padi-courses\/padi-specialties-bali\/#primaryimage"},"thumbnailUrl":"https:\/\/divegab.com\/wp-content\/uploads\/2023\/12\/PADI-Specialties-with-divegab.jpeg","datePublished":"2020-05-30T04:16:18+00:00","dateModified":"2024-04-27T16:11:08+00:00","description":"Nya dykf\u00e4rdigheter med v\u00e5ra Bali PADI Specialties. Vi erbjuder kurser inom Djupdykning, Vrakdykning, Natt och mycket mer. Klicka p\u00e5 l\u00e4nken f\u00f6r mer information om kurserna","breadcrumb":{"@id":"https:\/\/divegab.com\/padi-courses\/padi-specialties-bali\/#breadcrumb"},"inLanguage":"sv-SE","potentialAction":[{"@type":"ReadAction","target":["https:\/\/divegab.com\/padi-courses\/padi-specialties-bali\/"]}]},{"@type":"ImageObject","inLanguage":"sv-SE","@id":"https:\/\/divegab.com\/padi-courses\/padi-specialties-bali\/#primaryimage","url":"https:\/\/divegab.com\/wp-content\/uploads\/2023\/12\/PADI-Specialties-with-divegab.jpeg","contentUrl":"https:\/\/divegab.com\/wp-content\/uploads\/2023\/12\/PADI-Specialties-with-divegab.jpeg","width":1454,"height":808,"caption":"PADI SPECIALTIES With divegab. Wreck, Deep, Night"},{"@type":"BreadcrumbList","@id":"https:\/\/divegab.com\/padi-courses\/padi-specialties-bali\/#breadcrumb","itemListElement":[{"@type":"ListItem","position":1,"name":"Home","item":"https:\/\/divegab.com\/"},{"@type":"ListItem","position":2,"name":"PADI Courses","item":"https:\/\/divegab.com\/padi-courses\/"},{"@type":"ListItem","position":3,"name":"PADI Specialties"}]},{"@type":"WebSite","@id":"https:\/\/divegab.com\/it\/#website","url":"https:\/\/divegab.com\/it\/","name":"DiveGab","description":"Dyka p\u00e5 Bali","publisher":{"@id":"https:\/\/divegab.com\/it\/#organization"},"potentialAction":[{"@type":"SearchAction","target":{"@type":"EntryPoint","urlTemplate":"https:\/\/divegab.com\/it\/?s={search_term_string}"},"query-input":{"@type":"PropertyValueSpecification","valueRequired":true,"valueName":"search_term_string"}}],"inLanguage":"sv-SE"},{"@type":"Organization","@id":"https:\/\/divegab.com\/it\/#organization","name":"DiveGab","url":"https:\/\/divegab.com\/it\/","logo":{"@type":"ImageObject","inLanguage":"sv-SE","@id":"https:\/\/divegab.com\/it\/#\/schema\/logo\/image\/","url":"https:\/\/divegab.com\/wp-content\/uploads\/2020\/05\/logo-dive-gab-svg.svg","contentUrl":"https:\/\/divegab.com\/wp-content\/uploads\/2020\/05\/logo-dive-gab-svg.svg","width":1,"height":1,"caption":"DiveGab"},"image":{"@id":"https:\/\/divegab.com\/it\/#\/schema\/logo\/image\/"},"sameAs":["https:\/\/web.facebook.com\/divegab","https:\/\/www.instagram.com\/divegab\/?hl=en","https:\/\/www.youtube.com\/channel\/UCq9HvXUSWFaplU3PGEWdyCA?view_as=subscriber"]}]}},"_links":{"self":[{"href":"https:\/\/divegab.com\/sv\/wp-json\/wp\/v2\/pages\/917","targetHints":{"allow":["GET"]}}],"collection":[{"href":"https:\/\/divegab.com\/sv\/wp-json\/wp\/v2\/pages"}],"about":[{"href":"https:\/\/divegab.com\/sv\/wp-json\/wp\/v2\/types\/page"}],"author":[{"embeddable":true,"href":"https:\/\/divegab.com\/sv\/wp-json\/wp\/v2\/users\/1"}],"replies":[{"embeddable":true,"href":"https:\/\/divegab.com\/sv\/wp-json\/wp\/v2\/comments?post=917"}],"version-history":[{"count":100,"href":"https:\/\/divegab.com\/sv\/wp-json\/wp\/v2\/pages\/917\/revisions"}],"predecessor-version":[{"id":7685,"href":"https:\/\/divegab.com\/sv\/wp-json\/wp\/v2\/pages\/917\/revisions\/7685"}],"up":[{"embeddable":true,"href":"https:\/\/divegab.com\/sv\/wp-json\/wp\/v2\/pages\/907"}],"wp:featuredmedia":[{"embeddable":true,"href":"https:\/\/divegab.com\/sv\/wp-json\/wp\/v2\/media\/6763"}],"wp:attachment":[{"href":"https:\/\/divegab.com\/sv\/wp-json\/wp\/v2\/media?parent=917"}],"curies":[{"name":"wp","href":"https:\/\/api.w.org\/{rel}","templated":true}]}}